{"id":2101,"date":"2025-01-22T16:03:42","date_gmt":"2025-01-22T16:03:42","guid":{"rendered":"https:\/\/www.chilepath.com\/?post_type=product&#038;p=2101"},"modified":"2025-01-22T16:24:02","modified_gmt":"2025-01-22T16:24:02","slug":"reserva-huilo-huilo-bosque-nativo-cascadas-ciervos","status":"publish","type":"product","link":"https:\/\/www.chilepath.com\/?product=reserva-huilo-huilo-bosque-nativo-cascadas-ciervos","title":{"rendered":"Reserva Huilo-Huilo"},"content":{"rendered":"<p>Salimos de Valdivia 8:30am viajaremos acompa\u00f1ados del r\u00edo Calle-Calle, visitaremos la estacion de trenes de Antilhue, su historia e influencia en la vida Valdiviana.<br \/>\nNos detendremos en miradores de la localidad de Los Lagos y en Panguilpulli para apreciar las bellas postales que nos entregan sus miradores.<br \/>\nPodr\u00e1s conocer la reserva Huilo-Huilo su m\u00e1gica historia y el lago Pirihueico, donde almorzaremos comida t\u00edpica del sur de Chile, podr\u00e1s disfrutar de la playa del lago y la opci\u00f3n de navegar en catamar\u00e1n.<\/p>\n","protected":false},"excerpt":{"rendered":"<p>Visita Huilo Huilo con nosotros, recorre los diferentes portales de la reserva como el Portal de la Leona, Portal de los Ciervos, Portal Caverna Volc\u00e1nica y cascada Llallalca, as\u00ed como el Museo de los Volcanes y Puerto Fuy.<\/p>\n","protected":false},"featured_media":2160,"comment_status":"open","ping_status":"closed","template":"","meta":[],"product_brand":[],"product_cat":[24],"product_tag":[],"class_list":{"0":"post-2101","1":"product","2":"type-product","3":"status-publish","4":"has-post-thumbnail","6":"product_cat-chile-sur","8":"first","9":"instock","10":"virtual","11":"taxable","12":"purchasable","13":"product-type-simple"},"yoast_head":"<!-- This site is optimized with the Yoast SEO plugin v27.5 - https:\/\/yoast.com\/product\/yoast-seo-wordpress\/ -->\n<title>Reserva Huilo-Huilo - Chilepath<\/title>\n<meta name=\"description\" content=\"Visita Huilo Huilo con nosotros, recorre los diferentes portales de la reserva descubre sus cascadas, ciervos y bosque nativo\" \/>\n<meta name=\"robots\" content=\"index, follow, max-snippet:-1, max-image-preview:large, max-video-preview:-1\" \/>\n<link rel=\"canonical\" href=\"https:\/\/www.chilepath.com\/producto\/reserva-huilo-huilo-bosque-nativo-cascadas-ciervos\/\" \/>\n<meta property=\"og:locale\" content=\"es_ES\" \/>\n<meta property=\"og:type\" content=\"article\" \/>\n<meta property=\"og:title\" content=\"Reserva Huilo-Huilo - Chilepath\" \/>\n<meta property=\"og:description\" content=\"Visita Huilo Huilo con nosotros, recorre los diferentes portales de la reserva descubre sus cascadas, ciervos y bosque nativo\" \/>\n<meta property=\"og:url\" content=\"https:\/\/www.chilepath.com\/producto\/reserva-huilo-huilo-bosque-nativo-cascadas-ciervos\/\" \/>\n<meta property=\"og:site_name\" content=\"Chilepath\" \/>\n<meta property=\"article:modified_time\" content=\"2025-01-22T16:24:02+00:00\" \/>\n<meta property=\"og:image\" content=\"https:\/\/www.chilepath.com\/wp-content\/uploads\/2024\/10\/montana-magica1.jpeg\" \/>\n\t<meta property=\"og:image:width\" content=\"610\" \/>\n\t<meta property=\"og:image:height\" content=\"762\" \/>\n\t<meta property=\"og:image:type\" content=\"image\/jpeg\" \/>\n<meta name=\"twitter:card\" content=\"summary_large_image\" \/>\n<meta name=\"twitter:label1\" content=\"Tiempo estimado de lectura\" \/>\n\t<meta name=\"twitter:data1\" content=\"1 minuto\" \/>\n<script type=\"application\/ld+json\" class=\"yoast-schema-graph\">{\"@context\":\"https:\\\/\\\/schema.org\",\"@graph\":[{\"@type\":\"WebPage\",\"@id\":\"https:\\\/\\\/www.chilepath.com\\\/producto\\\/reserva-huilo-huilo-bosque-nativo-cascadas-ciervos\\\/\",\"url\":\"https:\\\/\\\/www.chilepath.com\\\/producto\\\/reserva-huilo-huilo-bosque-nativo-cascadas-ciervos\\\/\",\"name\":\"Reserva Huilo-Huilo - Chilepath\",\"isPartOf\":{\"@id\":\"https:\\\/\\\/www.chilepath.com\\\/#website\"},\"primaryImageOfPage\":{\"@id\":\"https:\\\/\\\/www.chilepath.com\\\/producto\\\/reserva-huilo-huilo-bosque-nativo-cascadas-ciervos\\\/#primaryimage\"},\"image\":{\"@id\":\"https:\\\/\\\/www.chilepath.com\\\/producto\\\/reserva-huilo-huilo-bosque-nativo-cascadas-ciervos\\\/#primaryimage\"},\"thumbnailUrl\":\"https:\\\/\\\/i0.wp.com\\\/www.chilepath.com\\\/wp-content\\\/uploads\\\/2024\\\/10\\\/montana-magica1.jpeg?fit=610%2C762&ssl=1\",\"datePublished\":\"2025-01-22T16:03:42+00:00\",\"dateModified\":\"2025-01-22T16:24:02+00:00\",\"description\":\"Visita Huilo Huilo con nosotros, recorre los diferentes portales de la reserva descubre sus cascadas, ciervos y bosque nativo\",\"breadcrumb\":{\"@id\":\"https:\\\/\\\/www.chilepath.com\\\/producto\\\/reserva-huilo-huilo-bosque-nativo-cascadas-ciervos\\\/#breadcrumb\"},\"inLanguage\":\"es-CL\",\"potentialAction\":[{\"@type\":\"ReadAction\",\"target\":[\"https:\\\/\\\/www.chilepath.com\\\/producto\\\/reserva-huilo-huilo-bosque-nativo-cascadas-ciervos\\\/\"]}]},{\"@type\":\"ImageObject\",\"inLanguage\":\"es-CL\",\"@id\":\"https:\\\/\\\/www.chilepath.com\\\/producto\\\/reserva-huilo-huilo-bosque-nativo-cascadas-ciervos\\\/#primaryimage\",\"url\":\"https:\\\/\\\/i0.wp.com\\\/www.chilepath.com\\\/wp-content\\\/uploads\\\/2024\\\/10\\\/montana-magica1.jpeg?fit=610%2C762&ssl=1\",\"contentUrl\":\"https:\\\/\\\/i0.wp.com\\\/www.chilepath.com\\\/wp-content\\\/uploads\\\/2024\\\/10\\\/montana-magica1.jpeg?fit=610%2C762&ssl=1\",\"width\":610,\"height\":762},{\"@type\":\"BreadcrumbList\",\"@id\":\"https:\\\/\\\/www.chilepath.com\\\/producto\\\/reserva-huilo-huilo-bosque-nativo-cascadas-ciervos\\\/#breadcrumb\",\"itemListElement\":[{\"@type\":\"ListItem\",\"position\":1,\"name\":\"Home\",\"item\":\"https:\\\/\\\/www.chilepath.com\\\/\"},{\"@type\":\"ListItem\",\"position\":2,\"name\":\"Tienda\",\"item\":\"https:\\\/\\\/www.chilepath.com\\\/?page_id=2044\"},{\"@type\":\"ListItem\",\"position\":3,\"name\":\"Reserva Huilo-Huilo\"}]},{\"@type\":\"WebSite\",\"@id\":\"https:\\\/\\\/www.chilepath.com\\\/#website\",\"url\":\"https:\\\/\\\/www.chilepath.com\\\/\",\"name\":\"Chilepath.com\",\"description\":\"Chp\",\"publisher\":{\"@id\":\"https:\\\/\\\/www.chilepath.com\\\/#organization\"},\"potentialAction\":[{\"@type\":\"SearchAction\",\"target\":{\"@type\":\"EntryPoint\",\"urlTemplate\":\"https:\\\/\\\/www.chilepath.com\\\/?s={search_term_string}\"},\"query-input\":{\"@type\":\"PropertyValueSpecification\",\"valueRequired\":true,\"valueName\":\"search_term_string\"}}],\"inLanguage\":\"es-CL\"},{\"@type\":\"Organization\",\"@id\":\"https:\\\/\\\/www.chilepath.com\\\/#organization\",\"name\":\"Chilepath\",\"url\":\"https:\\\/\\\/www.chilepath.com\\\/\",\"logo\":{\"@type\":\"ImageObject\",\"inLanguage\":\"es-CL\",\"@id\":\"https:\\\/\\\/www.chilepath.com\\\/#\\\/schema\\\/logo\\\/image\\\/\",\"url\":\"https:\\\/\\\/www.chilepath.com\\\/wp-content\\\/uploads\\\/2023\\\/11\\\/CHP3.0-trazo.jpg\",\"contentUrl\":\"https:\\\/\\\/www.chilepath.com\\\/wp-content\\\/uploads\\\/2023\\\/11\\\/CHP3.0-trazo.jpg\",\"width\":1000,\"height\":454,\"caption\":\"Chilepath\"},\"image\":{\"@id\":\"https:\\\/\\\/www.chilepath.com\\\/#\\\/schema\\\/logo\\\/image\\\/\"}}]}<\/script>\n<!-- \/ Yoast SEO plugin. -->","yoast_head_json":{"title":"Reserva Huilo-Huilo - Chilepath","description":"Visita Huilo Huilo con nosotros, recorre los diferentes portales de la reserva descubre sus cascadas, ciervos y bosque nativo","robots":{"index":"index","follow":"follow","max-snippet":"max-snippet:-1","max-image-preview":"max-image-preview:large","max-video-preview":"max-video-preview:-1"},"canonical":"https:\/\/www.chilepath.com\/producto\/reserva-huilo-huilo-bosque-nativo-cascadas-ciervos\/","og_locale":"es_ES","og_type":"article","og_title":"Reserva Huilo-Huilo - Chilepath","og_description":"Visita Huilo Huilo con nosotros, recorre los diferentes portales de la reserva descubre sus cascadas, ciervos y bosque nativo","og_url":"https:\/\/www.chilepath.com\/producto\/reserva-huilo-huilo-bosque-nativo-cascadas-ciervos\/","og_site_name":"Chilepath","article_modified_time":"2025-01-22T16:24:02+00:00","og_image":[{"width":610,"height":762,"url":"https:\/\/www.chilepath.com\/wp-content\/uploads\/2024\/10\/montana-magica1.jpeg","type":"image\/jpeg"}],"twitter_card":"summary_large_image","twitter_misc":{"Tiempo estimado de lectura":"1 minuto"},"schema":{"@context":"https:\/\/schema.org","@graph":[{"@type":"WebPage","@id":"https:\/\/www.chilepath.com\/producto\/reserva-huilo-huilo-bosque-nativo-cascadas-ciervos\/","url":"https:\/\/www.chilepath.com\/producto\/reserva-huilo-huilo-bosque-nativo-cascadas-ciervos\/","name":"Reserva Huilo-Huilo - Chilepath","isPartOf":{"@id":"https:\/\/www.chilepath.com\/#website"},"primaryImageOfPage":{"@id":"https:\/\/www.chilepath.com\/producto\/reserva-huilo-huilo-bosque-nativo-cascadas-ciervos\/#primaryimage"},"image":{"@id":"https:\/\/www.chilepath.com\/producto\/reserva-huilo-huilo-bosque-nativo-cascadas-ciervos\/#primaryimage"},"thumbnailUrl":"https:\/\/i0.wp.com\/www.chilepath.com\/wp-content\/uploads\/2024\/10\/montana-magica1.jpeg?fit=610%2C762&ssl=1","datePublished":"2025-01-22T16:03:42+00:00","dateModified":"2025-01-22T16:24:02+00:00","description":"Visita Huilo Huilo con nosotros, recorre los diferentes portales de la reserva descubre sus cascadas, ciervos y bosque nativo","breadcrumb":{"@id":"https:\/\/www.chilepath.com\/producto\/reserva-huilo-huilo-bosque-nativo-cascadas-ciervos\/#breadcrumb"},"inLanguage":"es-CL","potentialAction":[{"@type":"ReadAction","target":["https:\/\/www.chilepath.com\/producto\/reserva-huilo-huilo-bosque-nativo-cascadas-ciervos\/"]}]},{"@type":"ImageObject","inLanguage":"es-CL","@id":"https:\/\/www.chilepath.com\/producto\/reserva-huilo-huilo-bosque-nativo-cascadas-ciervos\/#primaryimage","url":"https:\/\/i0.wp.com\/www.chilepath.com\/wp-content\/uploads\/2024\/10\/montana-magica1.jpeg?fit=610%2C762&ssl=1","contentUrl":"https:\/\/i0.wp.com\/www.chilepath.com\/wp-content\/uploads\/2024\/10\/montana-magica1.jpeg?fit=610%2C762&ssl=1","width":610,"height":762},{"@type":"BreadcrumbList","@id":"https:\/\/www.chilepath.com\/producto\/reserva-huilo-huilo-bosque-nativo-cascadas-ciervos\/#breadcrumb","itemListElement":[{"@type":"ListItem","position":1,"name":"Home","item":"https:\/\/www.chilepath.com\/"},{"@type":"ListItem","position":2,"name":"Tienda","item":"https:\/\/www.chilepath.com\/?page_id=2044"},{"@type":"ListItem","position":3,"name":"Reserva Huilo-Huilo"}]},{"@type":"WebSite","@id":"https:\/\/www.chilepath.com\/#website","url":"https:\/\/www.chilepath.com\/","name":"Chilepath.com","description":"Chp","publisher":{"@id":"https:\/\/www.chilepath.com\/#organization"},"potentialAction":[{"@type":"SearchAction","target":{"@type":"EntryPoint","urlTemplate":"https:\/\/www.chilepath.com\/?s={search_term_string}"},"query-input":{"@type":"PropertyValueSpecification","valueRequired":true,"valueName":"search_term_string"}}],"inLanguage":"es-CL"},{"@type":"Organization","@id":"https:\/\/www.chilepath.com\/#organization","name":"Chilepath","url":"https:\/\/www.chilepath.com\/","logo":{"@type":"ImageObject","inLanguage":"es-CL","@id":"https:\/\/www.chilepath.com\/#\/schema\/logo\/image\/","url":"https:\/\/www.chilepath.com\/wp-content\/uploads\/2023\/11\/CHP3.0-trazo.jpg","contentUrl":"https:\/\/www.chilepath.com\/wp-content\/uploads\/2023\/11\/CHP3.0-trazo.jpg","width":1000,"height":454,"caption":"Chilepath"},"image":{"@id":"https:\/\/www.chilepath.com\/#\/schema\/logo\/image\/"}}]}},"jetpack_sharing_enabled":true,"_links":{"self":[{"href":"https:\/\/www.chilepath.com\/index.php?rest_route=\/wp\/v2\/product\/2101","targetHints":{"allow":["GET"]}}],"collection":[{"href":"https:\/\/www.chilepath.com\/index.php?rest_route=\/wp\/v2\/product"}],"about":[{"href":"https:\/\/www.chilepath.com\/index.php?rest_route=\/wp\/v2\/types\/product"}],"replies":[{"embeddable":true,"href":"https:\/\/www.chilepath.com\/index.php?rest_route=%2Fwp%2Fv2%2Fcomments&post=2101"}],"wp:featuredmedia":[{"embeddable":true,"href":"https:\/\/www.chilepath.com\/index.php?rest_route=\/wp\/v2\/media\/2160"}],"wp:attachment":[{"href":"https:\/\/www.chilepath.com\/index.php?rest_route=%2Fwp%2Fv2%2Fmedia&parent=2101"}],"wp:term":[{"taxonomy":"product_brand","embeddable":true,"href":"https:\/\/www.chilepath.com\/index.php?rest_route=%2Fwp%2Fv2%2Fproduct_brand&post=2101"},{"taxonomy":"product_cat","embeddable":true,"href":"https:\/\/www.chilepath.com\/index.php?rest_route=%2Fwp%2Fv2%2Fproduct_cat&post=2101"},{"taxonomy":"product_tag","embeddable":true,"href":"https:\/\/www.chilepath.com\/index.php?rest_route=%2Fwp%2Fv2%2Fproduct_tag&post=2101"}],"curies":[{"name":"wp","href":"https:\/\/api.w.org\/{rel}","templated":true}]}}