{"id":2182,"date":"2024-12-14T01:50:51","date_gmt":"2024-12-14T01:50:51","guid":{"rendered":"https:\/\/www.chilepath.com\/?post_type=product&#038;p=2182"},"modified":"2025-01-22T03:43:24","modified_gmt":"2025-01-22T03:43:24","slug":"valparaiso-vina-del-mar-vinedos","status":"publish","type":"product","link":"https:\/\/www.chilepath.com\/?product=valparaiso-vina-del-mar-vinedos","title":{"rendered":"Valpara\u00edso, Vi\u00f1a del Mar, vi\u00f1edos Casablanca"},"content":{"rendered":"<p>Un viaje a la costa desde Santiago de Chile a Valpara\u00edso ofrece una experiencia \u00fanica, combinando naturaleza y cultura. En el camino, se realizar\u00e1 un tour en el Valle de Casablanca, famoso por sus vi\u00f1edos y vinos de alta calidad. Los turistas pueden disfrutar de un tour de vi\u00f1as, donde aprender\u00e1n sobre el proceso de producci\u00f3n del vino y degustar\u00e1n diversas variedades. Al llegar a Valpara\u00edso, se pueden explorar sus coloridas calles y disfrutar de su rica historia mar\u00edtima. Este viaje es ideal para quienes buscan una escapada que combine el encanto del vino y la belleza costera, pararemos a almorzar en Vi\u00f1a del Mar donde haremos reconocimiento de aquellos lugares de la bella ciudad jard\u00edn.<\/p>\n","protected":false},"excerpt":{"rendered":"<p>Conoceremos Valpara\u00edso, una experiencia colorida \u00fanica, con los vi\u00f1edos de Casablanca degustaciones de vinos y disfrutaremos del almuerzo en Vi\u00f1a del Mar en sus calles llenas de vida tur\u00edstica.<\/p>\n","protected":false},"featured_media":2315,"comment_status":"open","ping_status":"closed","template":"","meta":[],"product_brand":[],"product_cat":[23],"product_tag":[],"class_list":{"0":"post-2182","1":"product","2":"type-product","3":"status-publish","4":"has-post-thumbnail","6":"product_cat-tours-chile-centro","8":"first","9":"instock","10":"sale","11":"virtual","12":"taxable","13":"purchasable","14":"product-type-simple"},"yoast_head":"<!-- This site is optimized with the Yoast SEO plugin v27.5 - https:\/\/yoast.com\/product\/yoast-seo-wordpress\/ -->\n<title>Valpara\u00edso, Vi\u00f1a del Mar, vi\u00f1edos Casablanca - Chilepath<\/title>\n<meta name=\"description\" content=\"Valpara\u00edso experiencia colorida \u00fanica, con los vi\u00f1edos de Casablanca con degustaciones de vinos y disfrutaremos del almuerzo en Vi\u00f1a del Mar.\" \/>\n<meta name=\"robots\" content=\"index, follow, max-snippet:-1, max-image-preview:large, max-video-preview:-1\" \/>\n<link rel=\"canonical\" href=\"https:\/\/www.chilepath.com\/producto\/valparaiso-vina-del-mar-vinedos\/\" \/>\n<meta property=\"og:locale\" content=\"es_ES\" \/>\n<meta property=\"og:type\" content=\"article\" \/>\n<meta property=\"og:title\" content=\"Valpara\u00edso, Vi\u00f1a del Mar, vi\u00f1edos Casablanca - Chilepath\" \/>\n<meta property=\"og:description\" content=\"Valpara\u00edso experiencia colorida \u00fanica, con los vi\u00f1edos de Casablanca con degustaciones de vinos y disfrutaremos del almuerzo en Vi\u00f1a del Mar.\" \/>\n<meta property=\"og:url\" content=\"https:\/\/www.chilepath.com\/producto\/valparaiso-vina-del-mar-vinedos\/\" \/>\n<meta property=\"og:site_name\" content=\"Chilepath\" \/>\n<meta property=\"article:modified_time\" content=\"2025-01-22T03:43:24+00:00\" \/>\n<meta property=\"og:image\" content=\"https:\/\/www.chilepath.com\/wp-content\/uploads\/2024\/12\/valpo-e1737509478719.jpg\" \/>\n\t<meta property=\"og:image:width\" content=\"236\" \/>\n\t<meta property=\"og:image:height\" content=\"236\" \/>\n\t<meta property=\"og:image:type\" content=\"image\/jpeg\" \/>\n<meta name=\"twitter:card\" content=\"summary_large_image\" \/>\n<meta name=\"twitter:label1\" content=\"Tiempo estimado de lectura\" \/>\n\t<meta name=\"twitter:data1\" content=\"1 minuto\" \/>\n<script type=\"application\/ld+json\" class=\"yoast-schema-graph\">{\"@context\":\"https:\\\/\\\/schema.org\",\"@graph\":[{\"@type\":\"WebPage\",\"@id\":\"https:\\\/\\\/www.chilepath.com\\\/producto\\\/valparaiso-vina-del-mar-vinedos\\\/\",\"url\":\"https:\\\/\\\/www.chilepath.com\\\/producto\\\/valparaiso-vina-del-mar-vinedos\\\/\",\"name\":\"Valpara\u00edso, Vi\u00f1a del Mar, vi\u00f1edos Casablanca - Chilepath\",\"isPartOf\":{\"@id\":\"https:\\\/\\\/www.chilepath.com\\\/#website\"},\"primaryImageOfPage\":{\"@id\":\"https:\\\/\\\/www.chilepath.com\\\/producto\\\/valparaiso-vina-del-mar-vinedos\\\/#primaryimage\"},\"image\":{\"@id\":\"https:\\\/\\\/www.chilepath.com\\\/producto\\\/valparaiso-vina-del-mar-vinedos\\\/#primaryimage\"},\"thumbnailUrl\":\"https:\\\/\\\/i0.wp.com\\\/www.chilepath.com\\\/wp-content\\\/uploads\\\/2024\\\/12\\\/valpo-e1737509478719.jpg?fit=236%2C236&ssl=1\",\"datePublished\":\"2024-12-14T01:50:51+00:00\",\"dateModified\":\"2025-01-22T03:43:24+00:00\",\"description\":\"Valpara\u00edso experiencia colorida \u00fanica, con los vi\u00f1edos de Casablanca con degustaciones de vinos y disfrutaremos del almuerzo en Vi\u00f1a del Mar.\",\"breadcrumb\":{\"@id\":\"https:\\\/\\\/www.chilepath.com\\\/producto\\\/valparaiso-vina-del-mar-vinedos\\\/#breadcrumb\"},\"inLanguage\":\"es-CL\",\"potentialAction\":[{\"@type\":\"ReadAction\",\"target\":[\"https:\\\/\\\/www.chilepath.com\\\/producto\\\/valparaiso-vina-del-mar-vinedos\\\/\"]}]},{\"@type\":\"ImageObject\",\"inLanguage\":\"es-CL\",\"@id\":\"https:\\\/\\\/www.chilepath.com\\\/producto\\\/valparaiso-vina-del-mar-vinedos\\\/#primaryimage\",\"url\":\"https:\\\/\\\/i0.wp.com\\\/www.chilepath.com\\\/wp-content\\\/uploads\\\/2024\\\/12\\\/valpo-e1737509478719.jpg?fit=236%2C236&ssl=1\",\"contentUrl\":\"https:\\\/\\\/i0.wp.com\\\/www.chilepath.com\\\/wp-content\\\/uploads\\\/2024\\\/12\\\/valpo-e1737509478719.jpg?fit=236%2C236&ssl=1\",\"width\":236,\"height\":236},{\"@type\":\"BreadcrumbList\",\"@id\":\"https:\\\/\\\/www.chilepath.com\\\/producto\\\/valparaiso-vina-del-mar-vinedos\\\/#breadcrumb\",\"itemListElement\":[{\"@type\":\"ListItem\",\"position\":1,\"name\":\"Home\",\"item\":\"https:\\\/\\\/www.chilepath.com\\\/\"},{\"@type\":\"ListItem\",\"position\":2,\"name\":\"Tienda\",\"item\":\"https:\\\/\\\/www.chilepath.com\\\/?page_id=2044\"},{\"@type\":\"ListItem\",\"position\":3,\"name\":\"Valpara\u00edso, Vi\u00f1a del Mar, vi\u00f1edos Casablanca\"}]},{\"@type\":\"WebSite\",\"@id\":\"https:\\\/\\\/www.chilepath.com\\\/#website\",\"url\":\"https:\\\/\\\/www.chilepath.com\\\/\",\"name\":\"Chilepath.com\",\"description\":\"Chp\",\"publisher\":{\"@id\":\"https:\\\/\\\/www.chilepath.com\\\/#organization\"},\"potentialAction\":[{\"@type\":\"SearchAction\",\"target\":{\"@type\":\"EntryPoint\",\"urlTemplate\":\"https:\\\/\\\/www.chilepath.com\\\/?s={search_term_string}\"},\"query-input\":{\"@type\":\"PropertyValueSpecification\",\"valueRequired\":true,\"valueName\":\"search_term_string\"}}],\"inLanguage\":\"es-CL\"},{\"@type\":\"Organization\",\"@id\":\"https:\\\/\\\/www.chilepath.com\\\/#organization\",\"name\":\"Chilepath\",\"url\":\"https:\\\/\\\/www.chilepath.com\\\/\",\"logo\":{\"@type\":\"ImageObject\",\"inLanguage\":\"es-CL\",\"@id\":\"https:\\\/\\\/www.chilepath.com\\\/#\\\/schema\\\/logo\\\/image\\\/\",\"url\":\"https:\\\/\\\/www.chilepath.com\\\/wp-content\\\/uploads\\\/2023\\\/11\\\/CHP3.0-trazo.jpg\",\"contentUrl\":\"https:\\\/\\\/www.chilepath.com\\\/wp-content\\\/uploads\\\/2023\\\/11\\\/CHP3.0-trazo.jpg\",\"width\":1000,\"height\":454,\"caption\":\"Chilepath\"},\"image\":{\"@id\":\"https:\\\/\\\/www.chilepath.com\\\/#\\\/schema\\\/logo\\\/image\\\/\"}}]}<\/script>\n<!-- \/ Yoast SEO plugin. -->","yoast_head_json":{"title":"Valpara\u00edso, Vi\u00f1a del Mar, vi\u00f1edos Casablanca - Chilepath","description":"Valpara\u00edso experiencia colorida \u00fanica, con los vi\u00f1edos de Casablanca con degustaciones de vinos y disfrutaremos del almuerzo en Vi\u00f1a del Mar.","robots":{"index":"index","follow":"follow","max-snippet":"max-snippet:-1","max-image-preview":"max-image-preview:large","max-video-preview":"max-video-preview:-1"},"canonical":"https:\/\/www.chilepath.com\/producto\/valparaiso-vina-del-mar-vinedos\/","og_locale":"es_ES","og_type":"article","og_title":"Valpara\u00edso, Vi\u00f1a del Mar, vi\u00f1edos Casablanca - Chilepath","og_description":"Valpara\u00edso experiencia colorida \u00fanica, con los vi\u00f1edos de Casablanca con degustaciones de vinos y disfrutaremos del almuerzo en Vi\u00f1a del Mar.","og_url":"https:\/\/www.chilepath.com\/producto\/valparaiso-vina-del-mar-vinedos\/","og_site_name":"Chilepath","article_modified_time":"2025-01-22T03:43:24+00:00","og_image":[{"width":236,"height":236,"url":"https:\/\/www.chilepath.com\/wp-content\/uploads\/2024\/12\/valpo-e1737509478719.jpg","type":"image\/jpeg"}],"twitter_card":"summary_large_image","twitter_misc":{"Tiempo estimado de lectura":"1 minuto"},"schema":{"@context":"https:\/\/schema.org","@graph":[{"@type":"WebPage","@id":"https:\/\/www.chilepath.com\/producto\/valparaiso-vina-del-mar-vinedos\/","url":"https:\/\/www.chilepath.com\/producto\/valparaiso-vina-del-mar-vinedos\/","name":"Valpara\u00edso, Vi\u00f1a del Mar, vi\u00f1edos Casablanca - Chilepath","isPartOf":{"@id":"https:\/\/www.chilepath.com\/#website"},"primaryImageOfPage":{"@id":"https:\/\/www.chilepath.com\/producto\/valparaiso-vina-del-mar-vinedos\/#primaryimage"},"image":{"@id":"https:\/\/www.chilepath.com\/producto\/valparaiso-vina-del-mar-vinedos\/#primaryimage"},"thumbnailUrl":"https:\/\/i0.wp.com\/www.chilepath.com\/wp-content\/uploads\/2024\/12\/valpo-e1737509478719.jpg?fit=236%2C236&ssl=1","datePublished":"2024-12-14T01:50:51+00:00","dateModified":"2025-01-22T03:43:24+00:00","description":"Valpara\u00edso experiencia colorida \u00fanica, con los vi\u00f1edos de Casablanca con degustaciones de vinos y disfrutaremos del almuerzo en Vi\u00f1a del Mar.","breadcrumb":{"@id":"https:\/\/www.chilepath.com\/producto\/valparaiso-vina-del-mar-vinedos\/#breadcrumb"},"inLanguage":"es-CL","potentialAction":[{"@type":"ReadAction","target":["https:\/\/www.chilepath.com\/producto\/valparaiso-vina-del-mar-vinedos\/"]}]},{"@type":"ImageObject","inLanguage":"es-CL","@id":"https:\/\/www.chilepath.com\/producto\/valparaiso-vina-del-mar-vinedos\/#primaryimage","url":"https:\/\/i0.wp.com\/www.chilepath.com\/wp-content\/uploads\/2024\/12\/valpo-e1737509478719.jpg?fit=236%2C236&ssl=1","contentUrl":"https:\/\/i0.wp.com\/www.chilepath.com\/wp-content\/uploads\/2024\/12\/valpo-e1737509478719.jpg?fit=236%2C236&ssl=1","width":236,"height":236},{"@type":"BreadcrumbList","@id":"https:\/\/www.chilepath.com\/producto\/valparaiso-vina-del-mar-vinedos\/#breadcrumb","itemListElement":[{"@type":"ListItem","position":1,"name":"Home","item":"https:\/\/www.chilepath.com\/"},{"@type":"ListItem","position":2,"name":"Tienda","item":"https:\/\/www.chilepath.com\/?page_id=2044"},{"@type":"ListItem","position":3,"name":"Valpara\u00edso, Vi\u00f1a del Mar, vi\u00f1edos Casablanca"}]},{"@type":"WebSite","@id":"https:\/\/www.chilepath.com\/#website","url":"https:\/\/www.chilepath.com\/","name":"Chilepath.com","description":"Chp","publisher":{"@id":"https:\/\/www.chilepath.com\/#organization"},"potentialAction":[{"@type":"SearchAction","target":{"@type":"EntryPoint","urlTemplate":"https:\/\/www.chilepath.com\/?s={search_term_string}"},"query-input":{"@type":"PropertyValueSpecification","valueRequired":true,"valueName":"search_term_string"}}],"inLanguage":"es-CL"},{"@type":"Organization","@id":"https:\/\/www.chilepath.com\/#organization","name":"Chilepath","url":"https:\/\/www.chilepath.com\/","logo":{"@type":"ImageObject","inLanguage":"es-CL","@id":"https:\/\/www.chilepath.com\/#\/schema\/logo\/image\/","url":"https:\/\/www.chilepath.com\/wp-content\/uploads\/2023\/11\/CHP3.0-trazo.jpg","contentUrl":"https:\/\/www.chilepath.com\/wp-content\/uploads\/2023\/11\/CHP3.0-trazo.jpg","width":1000,"height":454,"caption":"Chilepath"},"image":{"@id":"https:\/\/www.chilepath.com\/#\/schema\/logo\/image\/"}}]}},"jetpack_sharing_enabled":true,"_links":{"self":[{"href":"https:\/\/www.chilepath.com\/index.php?rest_route=\/wp\/v2\/product\/2182","targetHints":{"allow":["GET"]}}],"collection":[{"href":"https:\/\/www.chilepath.com\/index.php?rest_route=\/wp\/v2\/product"}],"about":[{"href":"https:\/\/www.chilepath.com\/index.php?rest_route=\/wp\/v2\/types\/product"}],"replies":[{"embeddable":true,"href":"https:\/\/www.chilepath.com\/index.php?rest_route=%2Fwp%2Fv2%2Fcomments&post=2182"}],"wp:featuredmedia":[{"embeddable":true,"href":"https:\/\/www.chilepath.com\/index.php?rest_route=\/wp\/v2\/media\/2315"}],"wp:attachment":[{"href":"https:\/\/www.chilepath.com\/index.php?rest_route=%2Fwp%2Fv2%2Fmedia&parent=2182"}],"wp:term":[{"taxonomy":"product_brand","embeddable":true,"href":"https:\/\/www.chilepath.com\/index.php?rest_route=%2Fwp%2Fv2%2Fproduct_brand&post=2182"},{"taxonomy":"product_cat","embeddable":true,"href":"https:\/\/www.chilepath.com\/index.php?rest_route=%2Fwp%2Fv2%2Fproduct_cat&post=2182"},{"taxonomy":"product_tag","embeddable":true,"href":"https:\/\/www.chilepath.com\/index.php?rest_route=%2Fwp%2Fv2%2Fproduct_tag&post=2182"}],"curies":[{"name":"wp","href":"https:\/\/api.w.org\/{rel}","templated":true}]}}