{"id":2197,"date":"2025-04-25T15:55:17","date_gmt":"2025-04-25T15:55:17","guid":{"rendered":"https:\/\/www.chilepath.com\/?post_type=product&#038;p=2197"},"modified":"2026-03-16T10:22:18","modified_gmt":"2026-03-16T10:22:18","slug":"transporte-de-bicicletas-gplr25","status":"publish","type":"product","link":"https:\/\/www.chilepath.com\/?product=transporte-de-bicicletas-gplr25","title":{"rendered":"Grand Prix Lago Ranco 2026 &#8211; Transporte de bicicleta"},"content":{"rendered":"<p>\u201c<b>Grand Prix Lago Ranco<\/b>\u201d, evento deportivo de ciclismo de ruta, que se realiza en la comuna de Futrono y donde recorres el lago Ranco en todo su per\u00edmetro, con un total de 116 km de un exquisito asfalto, en la cual los deportistas recorrer\u00e1n rutas -en un 99% asfaltadas- de alto inter\u00e9s tur\u00edstico poniendo en valor la Regi\u00f3n de Los R\u00edos y sus destinos. Disfruta este evento sin preocupaciones del transporte de tu equipo deportivo y viaja liviano al sur!<\/p>\n<p>&nbsp;<\/p>\n<p><strong>Programa de viaje:<\/strong><\/p>\n<p>Retiraremos y devolveremos tu bicicleta desde la tienda que selecciones en el carrito de compras, tendr\u00e1s el<strong> d\u00eda lunes 02 y martes 03 de nov<\/strong> para llevarla al punto pick-up. Nosotros recogemos el miercoles 04 de nov desde las tiendas, viajamos\u00a0 jueves 05 y el<strong> viernes 06 podr\u00e1s retirarla en el punto de inicio de la carrera en Bah\u00eda Coique desde el horario de entrega de n\u00fameros.<\/strong><\/p>\n<p>Terminada tu carrera, estaremos dentro del Layout del evento para recibir tu bici y llevarla de vuelta al punto pick-up que seleccionaste, donde podr\u00e1s optar en atender tu bicicleta ah\u00ed mismo y retirarla como nueva.<\/p>\n","protected":false},"excerpt":{"rendered":"<h3>Ultimos 10 cupos de transporte!!! Y porque tan barato?<\/h3>\n<p><span data-sheets-root=\"1\">Nuestro transporte se caracteriza por llevar las bicis en vehiculos cerrados, dada la alta demanda, no nos queda mas espacio que nuestros racks de viaje, el 2do piso de nuestro remolque!!. Est\u00e1 probado por muchas traves\u00edas que hemos realizado, las bicis van bien sujetas, s\u00f3lo que van expuestas a las inclemencias del clima, igual como cuando las usas!<\/span><\/p>\n","protected":false},"featured_media":3029,"comment_status":"open","ping_status":"closed","template":"","meta":[],"product_brand":[],"product_cat":[35],"product_tag":[37,44,46,45,36],"class_list":{"0":"post-2197","1":"product","2":"type-product","3":"status-publish","4":"has-post-thumbnail","6":"product_cat-transporte-de-bicis","7":"product_tag-bicicletas","8":"product_tag-ciclismo-ruta","9":"product_tag-coique","10":"product_tag-grand-prix-lago-ranco","11":"product_tag-transporte","13":"first","14":"outofstock","15":"virtual","16":"purchasable","17":"product-type-simple"},"yoast_head":"<!-- This site is optimized with the Yoast SEO plugin v27.5 - https:\/\/yoast.com\/product\/yoast-seo-wordpress\/ -->\n<title>Grand Prix Lago Ranco 2026 - Transporte de bicicleta - Chilepath<\/title>\n<meta name=\"description\" content=\"Llevamos tu bicicleta a eventos cuidadosamente protegida. Desde el 2018 comprometidos con el transporte de bicicletas de manera segura y confiable.\" \/>\n<meta name=\"robots\" content=\"index, follow, max-snippet:-1, max-image-preview:large, max-video-preview:-1\" \/>\n<link rel=\"canonical\" href=\"https:\/\/www.chilepath.com\/?product=transporte-de-bicicletas-gplr25\" \/>\n<meta property=\"og:locale\" content=\"es_ES\" \/>\n<meta property=\"og:type\" content=\"article\" \/>\n<meta property=\"og:title\" content=\"Grand Prix Lago Ranco 2026 - Transporte de bicicleta - Chilepath\" \/>\n<meta property=\"og:description\" content=\"Llevamos tu bicicleta a eventos cuidadosamente protegida. Desde el 2018 comprometidos con el transporte de bicicletas de manera segura y confiable.\" \/>\n<meta property=\"og:url\" content=\"https:\/\/www.chilepath.com\/?product=transporte-de-bicicletas-gplr25\" \/>\n<meta property=\"og:site_name\" content=\"Chilepath\" \/>\n<meta property=\"article:modified_time\" content=\"2026-03-16T10:22:18+00:00\" \/>\n<meta property=\"og:image\" content=\"https:\/\/www.chilepath.com\/wp-content\/uploads\/2025\/04\/gplr26.png\" \/>\n\t<meta property=\"og:image:width\" content=\"283\" \/>\n\t<meta property=\"og:image:height\" content=\"178\" \/>\n\t<meta property=\"og:image:type\" content=\"image\/png\" \/>\n<meta name=\"twitter:card\" content=\"summary_large_image\" \/>\n<meta name=\"twitter:label1\" content=\"Tiempo estimado de lectura\" \/>\n\t<meta name=\"twitter:data1\" content=\"2 minutos\" \/>\n<script type=\"application\/ld+json\" class=\"yoast-schema-graph\">{\"@context\":\"https:\\\/\\\/schema.org\",\"@graph\":[{\"@type\":\"WebPage\",\"@id\":\"https:\\\/\\\/www.chilepath.com\\\/?product=transporte-de-bicicletas-gplr25\",\"url\":\"https:\\\/\\\/www.chilepath.com\\\/?product=transporte-de-bicicletas-gplr25\",\"name\":\"Grand Prix Lago Ranco 2026 - Transporte de bicicleta - Chilepath\",\"isPartOf\":{\"@id\":\"https:\\\/\\\/www.chilepath.com\\\/#website\"},\"primaryImageOfPage\":{\"@id\":\"https:\\\/\\\/www.chilepath.com\\\/?product=transporte-de-bicicletas-gplr25#primaryimage\"},\"image\":{\"@id\":\"https:\\\/\\\/www.chilepath.com\\\/?product=transporte-de-bicicletas-gplr25#primaryimage\"},\"thumbnailUrl\":\"https:\\\/\\\/i0.wp.com\\\/www.chilepath.com\\\/wp-content\\\/uploads\\\/2025\\\/04\\\/gplr26.png?fit=283%2C178&ssl=1\",\"datePublished\":\"2025-04-25T15:55:17+00:00\",\"dateModified\":\"2026-03-16T10:22:18+00:00\",\"description\":\"Llevamos tu bicicleta a eventos cuidadosamente protegida. Desde el 2018 comprometidos con el transporte de bicicletas de manera segura y confiable.\",\"breadcrumb\":{\"@id\":\"https:\\\/\\\/www.chilepath.com\\\/?product=transporte-de-bicicletas-gplr25#breadcrumb\"},\"inLanguage\":\"es-CL\",\"potentialAction\":[{\"@type\":\"ReadAction\",\"target\":[\"https:\\\/\\\/www.chilepath.com\\\/?product=transporte-de-bicicletas-gplr25\"]}]},{\"@type\":\"ImageObject\",\"inLanguage\":\"es-CL\",\"@id\":\"https:\\\/\\\/www.chilepath.com\\\/?product=transporte-de-bicicletas-gplr25#primaryimage\",\"url\":\"https:\\\/\\\/i0.wp.com\\\/www.chilepath.com\\\/wp-content\\\/uploads\\\/2025\\\/04\\\/gplr26.png?fit=283%2C178&ssl=1\",\"contentUrl\":\"https:\\\/\\\/i0.wp.com\\\/www.chilepath.com\\\/wp-content\\\/uploads\\\/2025\\\/04\\\/gplr26.png?fit=283%2C178&ssl=1\",\"width\":283,\"height\":178},{\"@type\":\"BreadcrumbList\",\"@id\":\"https:\\\/\\\/www.chilepath.com\\\/?product=transporte-de-bicicletas-gplr25#breadcrumb\",\"itemListElement\":[{\"@type\":\"ListItem\",\"position\":1,\"name\":\"Home\",\"item\":\"https:\\\/\\\/www.chilepath.com\\\/\"},{\"@type\":\"ListItem\",\"position\":2,\"name\":\"Tienda\",\"item\":\"https:\\\/\\\/www.chilepath.com\\\/?page_id=2044\"},{\"@type\":\"ListItem\",\"position\":3,\"name\":\"Grand Prix Lago Ranco 2026 &#8211; Transporte de bicicleta\"}]},{\"@type\":\"WebSite\",\"@id\":\"https:\\\/\\\/www.chilepath.com\\\/#website\",\"url\":\"https:\\\/\\\/www.chilepath.com\\\/\",\"name\":\"Chilepath.com\",\"description\":\"Chp\",\"publisher\":{\"@id\":\"https:\\\/\\\/www.chilepath.com\\\/#organization\"},\"potentialAction\":[{\"@type\":\"SearchAction\",\"target\":{\"@type\":\"EntryPoint\",\"urlTemplate\":\"https:\\\/\\\/www.chilepath.com\\\/?s={search_term_string}\"},\"query-input\":{\"@type\":\"PropertyValueSpecification\",\"valueRequired\":true,\"valueName\":\"search_term_string\"}}],\"inLanguage\":\"es-CL\"},{\"@type\":\"Organization\",\"@id\":\"https:\\\/\\\/www.chilepath.com\\\/#organization\",\"name\":\"Chilepath\",\"url\":\"https:\\\/\\\/www.chilepath.com\\\/\",\"logo\":{\"@type\":\"ImageObject\",\"inLanguage\":\"es-CL\",\"@id\":\"https:\\\/\\\/www.chilepath.com\\\/#\\\/schema\\\/logo\\\/image\\\/\",\"url\":\"https:\\\/\\\/www.chilepath.com\\\/wp-content\\\/uploads\\\/2023\\\/11\\\/CHP3.0-trazo.jpg\",\"contentUrl\":\"https:\\\/\\\/www.chilepath.com\\\/wp-content\\\/uploads\\\/2023\\\/11\\\/CHP3.0-trazo.jpg\",\"width\":1000,\"height\":454,\"caption\":\"Chilepath\"},\"image\":{\"@id\":\"https:\\\/\\\/www.chilepath.com\\\/#\\\/schema\\\/logo\\\/image\\\/\"}}]}<\/script>\n<!-- \/ Yoast SEO plugin. -->","yoast_head_json":{"title":"Grand Prix Lago Ranco 2026 - Transporte de bicicleta - Chilepath","description":"Llevamos tu bicicleta a eventos cuidadosamente protegida. Desde el 2018 comprometidos con el transporte de bicicletas de manera segura y confiable.","robots":{"index":"index","follow":"follow","max-snippet":"max-snippet:-1","max-image-preview":"max-image-preview:large","max-video-preview":"max-video-preview:-1"},"canonical":"https:\/\/www.chilepath.com\/?product=transporte-de-bicicletas-gplr25","og_locale":"es_ES","og_type":"article","og_title":"Grand Prix Lago Ranco 2026 - Transporte de bicicleta - Chilepath","og_description":"Llevamos tu bicicleta a eventos cuidadosamente protegida. Desde el 2018 comprometidos con el transporte de bicicletas de manera segura y confiable.","og_url":"https:\/\/www.chilepath.com\/?product=transporte-de-bicicletas-gplr25","og_site_name":"Chilepath","article_modified_time":"2026-03-16T10:22:18+00:00","og_image":[{"width":283,"height":178,"url":"https:\/\/www.chilepath.com\/wp-content\/uploads\/2025\/04\/gplr26.png","type":"image\/png"}],"twitter_card":"summary_large_image","twitter_misc":{"Tiempo estimado de lectura":"2 minutos"},"schema":{"@context":"https:\/\/schema.org","@graph":[{"@type":"WebPage","@id":"https:\/\/www.chilepath.com\/?product=transporte-de-bicicletas-gplr25","url":"https:\/\/www.chilepath.com\/?product=transporte-de-bicicletas-gplr25","name":"Grand Prix Lago Ranco 2026 - Transporte de bicicleta - Chilepath","isPartOf":{"@id":"https:\/\/www.chilepath.com\/#website"},"primaryImageOfPage":{"@id":"https:\/\/www.chilepath.com\/?product=transporte-de-bicicletas-gplr25#primaryimage"},"image":{"@id":"https:\/\/www.chilepath.com\/?product=transporte-de-bicicletas-gplr25#primaryimage"},"thumbnailUrl":"https:\/\/i0.wp.com\/www.chilepath.com\/wp-content\/uploads\/2025\/04\/gplr26.png?fit=283%2C178&ssl=1","datePublished":"2025-04-25T15:55:17+00:00","dateModified":"2026-03-16T10:22:18+00:00","description":"Llevamos tu bicicleta a eventos cuidadosamente protegida. Desde el 2018 comprometidos con el transporte de bicicletas de manera segura y confiable.","breadcrumb":{"@id":"https:\/\/www.chilepath.com\/?product=transporte-de-bicicletas-gplr25#breadcrumb"},"inLanguage":"es-CL","potentialAction":[{"@type":"ReadAction","target":["https:\/\/www.chilepath.com\/?product=transporte-de-bicicletas-gplr25"]}]},{"@type":"ImageObject","inLanguage":"es-CL","@id":"https:\/\/www.chilepath.com\/?product=transporte-de-bicicletas-gplr25#primaryimage","url":"https:\/\/i0.wp.com\/www.chilepath.com\/wp-content\/uploads\/2025\/04\/gplr26.png?fit=283%2C178&ssl=1","contentUrl":"https:\/\/i0.wp.com\/www.chilepath.com\/wp-content\/uploads\/2025\/04\/gplr26.png?fit=283%2C178&ssl=1","width":283,"height":178},{"@type":"BreadcrumbList","@id":"https:\/\/www.chilepath.com\/?product=transporte-de-bicicletas-gplr25#breadcrumb","itemListElement":[{"@type":"ListItem","position":1,"name":"Home","item":"https:\/\/www.chilepath.com\/"},{"@type":"ListItem","position":2,"name":"Tienda","item":"https:\/\/www.chilepath.com\/?page_id=2044"},{"@type":"ListItem","position":3,"name":"Grand Prix Lago Ranco 2026 &#8211; Transporte de bicicleta"}]},{"@type":"WebSite","@id":"https:\/\/www.chilepath.com\/#website","url":"https:\/\/www.chilepath.com\/","name":"Chilepath.com","description":"Chp","publisher":{"@id":"https:\/\/www.chilepath.com\/#organization"},"potentialAction":[{"@type":"SearchAction","target":{"@type":"EntryPoint","urlTemplate":"https:\/\/www.chilepath.com\/?s={search_term_string}"},"query-input":{"@type":"PropertyValueSpecification","valueRequired":true,"valueName":"search_term_string"}}],"inLanguage":"es-CL"},{"@type":"Organization","@id":"https:\/\/www.chilepath.com\/#organization","name":"Chilepath","url":"https:\/\/www.chilepath.com\/","logo":{"@type":"ImageObject","inLanguage":"es-CL","@id":"https:\/\/www.chilepath.com\/#\/schema\/logo\/image\/","url":"https:\/\/www.chilepath.com\/wp-content\/uploads\/2023\/11\/CHP3.0-trazo.jpg","contentUrl":"https:\/\/www.chilepath.com\/wp-content\/uploads\/2023\/11\/CHP3.0-trazo.jpg","width":1000,"height":454,"caption":"Chilepath"},"image":{"@id":"https:\/\/www.chilepath.com\/#\/schema\/logo\/image\/"}}]}},"jetpack_sharing_enabled":true,"_links":{"self":[{"href":"https:\/\/www.chilepath.com\/index.php?rest_route=\/wp\/v2\/product\/2197","targetHints":{"allow":["GET"]}}],"collection":[{"href":"https:\/\/www.chilepath.com\/index.php?rest_route=\/wp\/v2\/product"}],"about":[{"href":"https:\/\/www.chilepath.com\/index.php?rest_route=\/wp\/v2\/types\/product"}],"replies":[{"embeddable":true,"href":"https:\/\/www.chilepath.com\/index.php?rest_route=%2Fwp%2Fv2%2Fcomments&post=2197"}],"wp:featuredmedia":[{"embeddable":true,"href":"https:\/\/www.chilepath.com\/index.php?rest_route=\/wp\/v2\/media\/3029"}],"wp:attachment":[{"href":"https:\/\/www.chilepath.com\/index.php?rest_route=%2Fwp%2Fv2%2Fmedia&parent=2197"}],"wp:term":[{"taxonomy":"product_brand","embeddable":true,"href":"https:\/\/www.chilepath.com\/index.php?rest_route=%2Fwp%2Fv2%2Fproduct_brand&post=2197"},{"taxonomy":"product_cat","embeddable":true,"href":"https:\/\/www.chilepath.com\/index.php?rest_route=%2Fwp%2Fv2%2Fproduct_cat&post=2197"},{"taxonomy":"product_tag","embeddable":true,"href":"https:\/\/www.chilepath.com\/index.php?rest_route=%2Fwp%2Fv2%2Fproduct_tag&post=2197"}],"curies":[{"name":"wp","href":"https:\/\/api.w.org\/{rel}","templated":true}]}}