{"id":2321,"date":"2025-01-22T01:57:44","date_gmt":"2025-01-22T01:57:44","guid":{"rendered":"https:\/\/www.chilepath.com\/?post_type=product&#038;p=2321"},"modified":"2026-04-28T03:26:49","modified_gmt":"2026-04-28T03:26:49","slug":"citytour-santiago","status":"publish","type":"product","link":"https:\/\/www.chilepath.com\/?product=citytour-santiago","title":{"rendered":"Citytour Santiago, hitos hist\u00f3ricos y modernidad"},"content":{"rendered":"<div class=\"flex max-w-full flex-col flex-grow\">\n<div class=\"min-h-8 text-message flex w-full flex-col items-end gap-2 whitespace-normal break-words text-start [.text-message+&amp;]:mt-5\" dir=\"auto\" data-message-author-role=\"assistant\" data-message-id=\"4cbd3ef6-d486-4d0d-895e-79a0cd6c6cc5\" data-message-model-slug=\"gpt-4o\">\n<div class=\"flex w-full flex-col gap-1 empty:hidden first:pt-[3px]\">\n<div class=\"markdown prose w-full break-words dark:prose-invert light\">\n<h2>Descubre los Encantos de Santiago de Chile<\/h2>\n<p>Te invitamos a explorar los contrastes \u00fanicos de Santiago, una ciudad donde la historia y la modernidad se encuentran.<\/p>\n<h3><strong>Recorrido Hist\u00f3rico<\/strong><\/h3>\n<p>Comienza tu viaje en el coraz\u00f3n hist\u00f3rico de la ciudad, fundado en 1541. Admira monumentos emblem\u00e1ticos como el Palacio de Gobierno &#8220;La Moneda&#8221; y la majestuosa Catedral de Santiago, situada en la ic\u00f3nica Plaza de Armas. Pasea por el colorido Paseo Bandera y disfruta de las vistas desde el Cerro Santa Luc\u00eda, un lugar lleno de historia y patrimonio de estilo franc\u00e9s.<\/p>\n<h3><strong>Exploraci\u00f3n Cultural<\/strong><\/h3>\n<p>Luego de este recorrido, te llevaremos a una tienda de artesan\u00eda en Lapisl\u00e1zuli, donde la tradici\u00f3n chilena cobra vida a trav\u00e9s del arte y la historia. Es el lugar perfecto para conocer m\u00e1s sobre nuestra cultura y llevarte un recuerdo \u00fanico.<\/p>\n<p>&nbsp;<\/p>\n<h3><strong>Itinerario Detallado<\/strong><\/h3>\n<ul>\n<li><strong>Inicio en el Hotel<\/strong><\/li>\n<li>Palacio La Moneda<\/li>\n<li>Ex Congreso Nacional<\/li>\n<li>Plaza de Armas<\/li>\n<li>Paseo Bandera<\/li>\n<li>Mercado Central<\/li>\n<li>Cerro Santa Luc\u00eda<\/li>\n<li>Barrio Bellavista<\/li>\n<li>Tienda de Lapisl\u00e1zuli<\/li>\n<li><strong>Regreso al Hotel<\/strong><\/li>\n<\/ul>\n<h3><strong>Recomendaciones<\/strong><\/h3>\n<p>No olvides tus zapatos c\u00f3modos para disfrutar al m\u00e1ximo de esta experiencia inolvidable.<\/p>\n<p>\u00a1Te esperamos!<\/p>\n<\/div>\n<\/div>\n<\/div>\n<\/div>\n","protected":false},"excerpt":{"rendered":"<p>Nos adentramos en el centro c\u00edvico de la cuidad en una caminata desde el palacio de gobierno hasta la plaza de Armas, para luego visitar el cerro santa Luc\u00eda y recorrer calles llenas de historias y evoluci\u00f3n hacia la modernidad actual, sin dejar de lado una visita a los artesanos del Lapiszl\u00e1zuli.<\/p>\n","protected":false},"featured_media":2183,"comment_status":"open","ping_status":"closed","template":"","meta":[],"product_brand":[],"product_cat":[23],"product_tag":[],"class_list":{"0":"post-2321","1":"product","2":"type-product","3":"status-publish","4":"has-post-thumbnail","6":"product_cat-tours-chile-centro","8":"first","9":"instock","10":"virtual","11":"taxable","12":"purchasable","13":"product-type-simple"},"yoast_head":"<!-- This site is optimized with the Yoast SEO plugin v27.5 - https:\/\/yoast.com\/product\/yoast-seo-wordpress\/ -->\n<title>Citytour Santiago, hitos hist\u00f3ricos y modernidad - Chilepath<\/title>\n<meta name=\"description\" content=\"Santiago hist\u00f3rico cerro santa Luc\u00eda, centro c\u00edvico, plaza de Armas, visita barrio Bellavista, artesan\u00eda en Lapizlazuli, sector fianciero &quot;Sanhattan&quot; Chile\" \/>\n<meta name=\"robots\" content=\"index, follow, max-snippet:-1, max-image-preview:large, max-video-preview:-1\" \/>\n<link rel=\"canonical\" href=\"https:\/\/www.chilepath.com\/?product=citytour-santiago\" \/>\n<meta property=\"og:locale\" content=\"es_ES\" \/>\n<meta property=\"og:type\" content=\"article\" \/>\n<meta property=\"og:title\" content=\"Citytour Santiago, hitos hist\u00f3ricos y modernidad - Chilepath\" \/>\n<meta property=\"og:description\" content=\"Santiago hist\u00f3rico cerro santa Luc\u00eda, centro c\u00edvico, plaza de Armas, visita barrio Bellavista, artesan\u00eda en Lapizlazuli, sector fianciero &quot;Sanhattan&quot; Chile\" \/>\n<meta property=\"og:url\" content=\"https:\/\/www.chilepath.com\/?product=citytour-santiago\" \/>\n<meta property=\"og:site_name\" content=\"Chilepath\" \/>\n<meta property=\"article:modified_time\" content=\"2026-04-28T03:26:49+00:00\" \/>\n<meta property=\"og:image\" content=\"https:\/\/www.chilepath.com\/wp-content\/uploads\/2024\/10\/pzaarmas.jpeg\" \/>\n\t<meta property=\"og:image:width\" content=\"2560\" \/>\n\t<meta property=\"og:image:height\" content=\"1708\" \/>\n\t<meta property=\"og:image:type\" content=\"image\/jpeg\" \/>\n<meta name=\"twitter:card\" content=\"summary_large_image\" \/>\n<meta name=\"twitter:label1\" content=\"Tiempo estimado de lectura\" \/>\n\t<meta name=\"twitter:data1\" content=\"2 minutos\" \/>\n<script type=\"application\/ld+json\" class=\"yoast-schema-graph\">{\"@context\":\"https:\\\/\\\/schema.org\",\"@graph\":[{\"@type\":\"WebPage\",\"@id\":\"https:\\\/\\\/www.chilepath.com\\\/?product=citytour-santiago\",\"url\":\"https:\\\/\\\/www.chilepath.com\\\/?product=citytour-santiago\",\"name\":\"Citytour Santiago, hitos hist\u00f3ricos y modernidad - Chilepath\",\"isPartOf\":{\"@id\":\"https:\\\/\\\/www.chilepath.com\\\/#website\"},\"primaryImageOfPage\":{\"@id\":\"https:\\\/\\\/www.chilepath.com\\\/?product=citytour-santiago#primaryimage\"},\"image\":{\"@id\":\"https:\\\/\\\/www.chilepath.com\\\/?product=citytour-santiago#primaryimage\"},\"thumbnailUrl\":\"https:\\\/\\\/i0.wp.com\\\/www.chilepath.com\\\/wp-content\\\/uploads\\\/2024\\\/10\\\/pzaarmas.jpeg?fit=2560%2C1708&ssl=1\",\"datePublished\":\"2025-01-22T01:57:44+00:00\",\"dateModified\":\"2026-04-28T03:26:49+00:00\",\"description\":\"Santiago hist\u00f3rico cerro santa Luc\u00eda, centro c\u00edvico, plaza de Armas, visita barrio Bellavista, artesan\u00eda en Lapizlazuli, sector fianciero \\\"Sanhattan\\\" Chile\",\"breadcrumb\":{\"@id\":\"https:\\\/\\\/www.chilepath.com\\\/?product=citytour-santiago#breadcrumb\"},\"inLanguage\":\"es-CL\",\"potentialAction\":[{\"@type\":\"ReadAction\",\"target\":[\"https:\\\/\\\/www.chilepath.com\\\/?product=citytour-santiago\"]}]},{\"@type\":\"ImageObject\",\"inLanguage\":\"es-CL\",\"@id\":\"https:\\\/\\\/www.chilepath.com\\\/?product=citytour-santiago#primaryimage\",\"url\":\"https:\\\/\\\/i0.wp.com\\\/www.chilepath.com\\\/wp-content\\\/uploads\\\/2024\\\/10\\\/pzaarmas.jpeg?fit=2560%2C1708&ssl=1\",\"contentUrl\":\"https:\\\/\\\/i0.wp.com\\\/www.chilepath.com\\\/wp-content\\\/uploads\\\/2024\\\/10\\\/pzaarmas.jpeg?fit=2560%2C1708&ssl=1\",\"width\":2560,\"height\":1708,\"caption\":\"Plaza de las Armas square in Santiago, Chile\"},{\"@type\":\"BreadcrumbList\",\"@id\":\"https:\\\/\\\/www.chilepath.com\\\/?product=citytour-santiago#breadcrumb\",\"itemListElement\":[{\"@type\":\"ListItem\",\"position\":1,\"name\":\"Home\",\"item\":\"https:\\\/\\\/www.chilepath.com\\\/\"},{\"@type\":\"ListItem\",\"position\":2,\"name\":\"Tienda\",\"item\":\"https:\\\/\\\/www.chilepath.com\\\/?page_id=2044\"},{\"@type\":\"ListItem\",\"position\":3,\"name\":\"Citytour Santiago, hitos hist\u00f3ricos y modernidad\"}]},{\"@type\":\"WebSite\",\"@id\":\"https:\\\/\\\/www.chilepath.com\\\/#website\",\"url\":\"https:\\\/\\\/www.chilepath.com\\\/\",\"name\":\"Chilepath.com\",\"description\":\"Chp\",\"publisher\":{\"@id\":\"https:\\\/\\\/www.chilepath.com\\\/#organization\"},\"potentialAction\":[{\"@type\":\"SearchAction\",\"target\":{\"@type\":\"EntryPoint\",\"urlTemplate\":\"https:\\\/\\\/www.chilepath.com\\\/?s={search_term_string}\"},\"query-input\":{\"@type\":\"PropertyValueSpecification\",\"valueRequired\":true,\"valueName\":\"search_term_string\"}}],\"inLanguage\":\"es-CL\"},{\"@type\":\"Organization\",\"@id\":\"https:\\\/\\\/www.chilepath.com\\\/#organization\",\"name\":\"Chilepath\",\"url\":\"https:\\\/\\\/www.chilepath.com\\\/\",\"logo\":{\"@type\":\"ImageObject\",\"inLanguage\":\"es-CL\",\"@id\":\"https:\\\/\\\/www.chilepath.com\\\/#\\\/schema\\\/logo\\\/image\\\/\",\"url\":\"https:\\\/\\\/www.chilepath.com\\\/wp-content\\\/uploads\\\/2023\\\/11\\\/CHP3.0-trazo.jpg\",\"contentUrl\":\"https:\\\/\\\/www.chilepath.com\\\/wp-content\\\/uploads\\\/2023\\\/11\\\/CHP3.0-trazo.jpg\",\"width\":1000,\"height\":454,\"caption\":\"Chilepath\"},\"image\":{\"@id\":\"https:\\\/\\\/www.chilepath.com\\\/#\\\/schema\\\/logo\\\/image\\\/\"}}]}<\/script>\n<!-- \/ Yoast SEO plugin. -->","yoast_head_json":{"title":"Citytour Santiago, hitos hist\u00f3ricos y modernidad - Chilepath","description":"Santiago hist\u00f3rico cerro santa Luc\u00eda, centro c\u00edvico, plaza de Armas, visita barrio Bellavista, artesan\u00eda en Lapizlazuli, sector fianciero \"Sanhattan\" Chile","robots":{"index":"index","follow":"follow","max-snippet":"max-snippet:-1","max-image-preview":"max-image-preview:large","max-video-preview":"max-video-preview:-1"},"canonical":"https:\/\/www.chilepath.com\/?product=citytour-santiago","og_locale":"es_ES","og_type":"article","og_title":"Citytour Santiago, hitos hist\u00f3ricos y modernidad - Chilepath","og_description":"Santiago hist\u00f3rico cerro santa Luc\u00eda, centro c\u00edvico, plaza de Armas, visita barrio Bellavista, artesan\u00eda en Lapizlazuli, sector fianciero \"Sanhattan\" Chile","og_url":"https:\/\/www.chilepath.com\/?product=citytour-santiago","og_site_name":"Chilepath","article_modified_time":"2026-04-28T03:26:49+00:00","og_image":[{"width":2560,"height":1708,"url":"https:\/\/www.chilepath.com\/wp-content\/uploads\/2024\/10\/pzaarmas.jpeg","type":"image\/jpeg"}],"twitter_card":"summary_large_image","twitter_misc":{"Tiempo estimado de lectura":"2 minutos"},"schema":{"@context":"https:\/\/schema.org","@graph":[{"@type":"WebPage","@id":"https:\/\/www.chilepath.com\/?product=citytour-santiago","url":"https:\/\/www.chilepath.com\/?product=citytour-santiago","name":"Citytour Santiago, hitos hist\u00f3ricos y modernidad - Chilepath","isPartOf":{"@id":"https:\/\/www.chilepath.com\/#website"},"primaryImageOfPage":{"@id":"https:\/\/www.chilepath.com\/?product=citytour-santiago#primaryimage"},"image":{"@id":"https:\/\/www.chilepath.com\/?product=citytour-santiago#primaryimage"},"thumbnailUrl":"https:\/\/i0.wp.com\/www.chilepath.com\/wp-content\/uploads\/2024\/10\/pzaarmas.jpeg?fit=2560%2C1708&ssl=1","datePublished":"2025-01-22T01:57:44+00:00","dateModified":"2026-04-28T03:26:49+00:00","description":"Santiago hist\u00f3rico cerro santa Luc\u00eda, centro c\u00edvico, plaza de Armas, visita barrio Bellavista, artesan\u00eda en Lapizlazuli, sector fianciero \"Sanhattan\" Chile","breadcrumb":{"@id":"https:\/\/www.chilepath.com\/?product=citytour-santiago#breadcrumb"},"inLanguage":"es-CL","potentialAction":[{"@type":"ReadAction","target":["https:\/\/www.chilepath.com\/?product=citytour-santiago"]}]},{"@type":"ImageObject","inLanguage":"es-CL","@id":"https:\/\/www.chilepath.com\/?product=citytour-santiago#primaryimage","url":"https:\/\/i0.wp.com\/www.chilepath.com\/wp-content\/uploads\/2024\/10\/pzaarmas.jpeg?fit=2560%2C1708&ssl=1","contentUrl":"https:\/\/i0.wp.com\/www.chilepath.com\/wp-content\/uploads\/2024\/10\/pzaarmas.jpeg?fit=2560%2C1708&ssl=1","width":2560,"height":1708,"caption":"Plaza de las Armas square in Santiago, Chile"},{"@type":"BreadcrumbList","@id":"https:\/\/www.chilepath.com\/?product=citytour-santiago#breadcrumb","itemListElement":[{"@type":"ListItem","position":1,"name":"Home","item":"https:\/\/www.chilepath.com\/"},{"@type":"ListItem","position":2,"name":"Tienda","item":"https:\/\/www.chilepath.com\/?page_id=2044"},{"@type":"ListItem","position":3,"name":"Citytour Santiago, hitos hist\u00f3ricos y modernidad"}]},{"@type":"WebSite","@id":"https:\/\/www.chilepath.com\/#website","url":"https:\/\/www.chilepath.com\/","name":"Chilepath.com","description":"Chp","publisher":{"@id":"https:\/\/www.chilepath.com\/#organization"},"potentialAction":[{"@type":"SearchAction","target":{"@type":"EntryPoint","urlTemplate":"https:\/\/www.chilepath.com\/?s={search_term_string}"},"query-input":{"@type":"PropertyValueSpecification","valueRequired":true,"valueName":"search_term_string"}}],"inLanguage":"es-CL"},{"@type":"Organization","@id":"https:\/\/www.chilepath.com\/#organization","name":"Chilepath","url":"https:\/\/www.chilepath.com\/","logo":{"@type":"ImageObject","inLanguage":"es-CL","@id":"https:\/\/www.chilepath.com\/#\/schema\/logo\/image\/","url":"https:\/\/www.chilepath.com\/wp-content\/uploads\/2023\/11\/CHP3.0-trazo.jpg","contentUrl":"https:\/\/www.chilepath.com\/wp-content\/uploads\/2023\/11\/CHP3.0-trazo.jpg","width":1000,"height":454,"caption":"Chilepath"},"image":{"@id":"https:\/\/www.chilepath.com\/#\/schema\/logo\/image\/"}}]}},"jetpack_sharing_enabled":true,"_links":{"self":[{"href":"https:\/\/www.chilepath.com\/index.php?rest_route=\/wp\/v2\/product\/2321","targetHints":{"allow":["GET"]}}],"collection":[{"href":"https:\/\/www.chilepath.com\/index.php?rest_route=\/wp\/v2\/product"}],"about":[{"href":"https:\/\/www.chilepath.com\/index.php?rest_route=\/wp\/v2\/types\/product"}],"replies":[{"embeddable":true,"href":"https:\/\/www.chilepath.com\/index.php?rest_route=%2Fwp%2Fv2%2Fcomments&post=2321"}],"wp:featuredmedia":[{"embeddable":true,"href":"https:\/\/www.chilepath.com\/index.php?rest_route=\/wp\/v2\/media\/2183"}],"wp:attachment":[{"href":"https:\/\/www.chilepath.com\/index.php?rest_route=%2Fwp%2Fv2%2Fmedia&parent=2321"}],"wp:term":[{"taxonomy":"product_brand","embeddable":true,"href":"https:\/\/www.chilepath.com\/index.php?rest_route=%2Fwp%2Fv2%2Fproduct_brand&post=2321"},{"taxonomy":"product_cat","embeddable":true,"href":"https:\/\/www.chilepath.com\/index.php?rest_route=%2Fwp%2Fv2%2Fproduct_cat&post=2321"},{"taxonomy":"product_tag","embeddable":true,"href":"https:\/\/www.chilepath.com\/index.php?rest_route=%2Fwp%2Fv2%2Fproduct_tag&post=2321"}],"curies":[{"name":"wp","href":"https:\/\/api.w.org\/{rel}","templated":true}]}}