{"id":2586,"date":"2025-05-06T23:33:16","date_gmt":"2025-05-06T23:33:16","guid":{"rendered":"https:\/\/www.chilepath.com\/?post_type=product&#038;p=2586"},"modified":"2026-03-16T10:22:18","modified_gmt":"2026-03-16T10:22:18","slug":"giro-del-lago-transporte-bicicletas","status":"publish","type":"product","link":"https:\/\/www.chilepath.com\/?product=giro-del-lago-transporte-bicicletas","title":{"rendered":"Giro del Lago 2026 &#8211; Transporte bicicleta"},"content":{"rendered":"<p>Nuestros veh\u00edculos seguros garantizan que tu bicicleta llegar\u00e1 a salvo al evento, y nuestra amplia experiencia en el transporte de estas, brinda la seguridad de que ser\u00e1 tratada con el mayor cuidado que nos caracteriza.<\/p>\n<p>Conf\u00ede en Chilepath si buscas un servicio de calidad y transporte seguro para su bicicleta. Esperamos te unas a nuestra tripulaci\u00f3n para acercar tu bicicleta al triatl\u00f3n de Puerto Varas, y esperamos verlos all\u00ed.<\/p>\n<p>Recuerda adem\u00e1s que desde este a\u00f1o abrimos la opci\u00f3n de llevar tu bolso deportivo y tu bicicleta! Viaja liviano, viaja con Chileapath.<\/p>\n<p><strong>Programa de viaje:<\/strong><\/p>\n<p>Retiraremos y devolveremos tu bicicleta desde la tienda que selecciones en el carrito de compras, tendr\u00e1s <strong>el d\u00eda\u00a0 martes 17 de nov y mi\u00e9rcoles 18<\/strong> para llevarla al punto pick-up. Nosotros recogemos el jueves 19, viajamos el viernes 19. Podr\u00e1s retirarla en el punto de retiro de n\u00fameros en Puero Varas\u00a0 el d\u00eda s\u00e1bado 20, <strong>desde el inicio de entrega de n\u00fameros.<\/strong><\/p>\n<p>Terminando tu carrera, estaremos en el espectacular layout del evento para recibirla y llevarla de vuelta al punto pick-up que seleccionaste, donde podr\u00e1s optar en atender tu bicicleta para retirarla como nueva.<\/p>\n<p>La entrega de bicicletas en los puntos pick-up ser\u00e1 desde el d\u00eda martes 24 de noviembre y mi\u00e9rcoles 25 de noviembre. (favor no posponer el retiro en tienda).<\/p>\n","protected":false},"excerpt":{"rendered":"<p>Viaja liviano a la nueva edici\u00f3n del Giro del Lago! Este emocionante evento de ciclismo que tendr\u00e1 lugar en Puerto Varas el 22 de noviembre 2026. Si est\u00e1s pensando en asistir y tu problema es como llevar tu bici, no te preocupes que podr\u00e1s contar con nosotros nuevamente para ello. Desde el 2017 que hacemos tu viaje f\u00e1cil al giro del lago Llanquihue.<\/p>\n","protected":false},"featured_media":2587,"comment_status":"open","ping_status":"closed","template":"","meta":[],"product_brand":[],"product_cat":[22],"product_tag":[37,44,38,36],"class_list":{"0":"post-2586","1":"product","2":"type-product","3":"status-publish","4":"has-post-thumbnail","6":"product_cat-transporte-de-accesorios","7":"product_tag-bicicletas","8":"product_tag-ciclismo-ruta","9":"product_tag-giro-del-lago","10":"product_tag-transporte","12":"first","13":"instock","14":"virtual","15":"taxable","16":"purchasable","17":"product-type-simple"},"yoast_head":"<!-- This site is optimized with the Yoast SEO plugin v27.4 - https:\/\/yoast.com\/product\/yoast-seo-wordpress\/ -->\n<title>Giro del Lago 2026 - Transporte bicicleta - Chilepath<\/title>\n<meta name=\"description\" content=\"Transporte de bicicletas Giro del Lago 2026 viaja liviano! Lleva tu bici y equipo de manera segura y confiable. Desde el 2017 te llevamos al Giro!\" \/>\n<meta name=\"robots\" content=\"index, follow, max-snippet:-1, max-image-preview:large, max-video-preview:-1\" \/>\n<link rel=\"canonical\" href=\"https:\/\/www.chilepath.com\/?product=giro-del-lago-transporte-bicicletas\" \/>\n<meta property=\"og:locale\" content=\"es_ES\" \/>\n<meta property=\"og:type\" content=\"article\" \/>\n<meta property=\"og:title\" content=\"Giro del Lago 2026 - Transporte bicicleta - Chilepath\" \/>\n<meta property=\"og:description\" content=\"Transporte de bicicletas Giro del Lago 2026 viaja liviano! Lleva tu bici y equipo de manera segura y confiable. Desde el 2017 te llevamos al Giro!\" \/>\n<meta property=\"og:url\" content=\"https:\/\/www.chilepath.com\/?product=giro-del-lago-transporte-bicicletas\" \/>\n<meta property=\"og:site_name\" content=\"Chilepath\" \/>\n<meta property=\"article:modified_time\" content=\"2026-03-16T10:22:18+00:00\" \/>\n<meta property=\"og:image\" content=\"https:\/\/www.chilepath.com\/wp-content\/uploads\/2025\/05\/GDLlogoPV.jpg\" \/>\n\t<meta property=\"og:image:width\" content=\"527\" \/>\n\t<meta property=\"og:image:height\" content=\"527\" \/>\n\t<meta property=\"og:image:type\" content=\"image\/jpeg\" \/>\n<meta name=\"twitter:card\" content=\"summary_large_image\" \/>\n<meta name=\"twitter:label1\" content=\"Tiempo estimado de lectura\" \/>\n\t<meta name=\"twitter:data1\" content=\"2 minutos\" \/>\n<script type=\"application\/ld+json\" class=\"yoast-schema-graph\">{\"@context\":\"https:\\\/\\\/schema.org\",\"@graph\":[{\"@type\":\"WebPage\",\"@id\":\"https:\\\/\\\/www.chilepath.com\\\/?product=giro-del-lago-transporte-bicicletas\",\"url\":\"https:\\\/\\\/www.chilepath.com\\\/?product=giro-del-lago-transporte-bicicletas\",\"name\":\"Giro del Lago 2026 - Transporte bicicleta - Chilepath\",\"isPartOf\":{\"@id\":\"https:\\\/\\\/www.chilepath.com\\\/#website\"},\"primaryImageOfPage\":{\"@id\":\"https:\\\/\\\/www.chilepath.com\\\/?product=giro-del-lago-transporte-bicicletas#primaryimage\"},\"image\":{\"@id\":\"https:\\\/\\\/www.chilepath.com\\\/?product=giro-del-lago-transporte-bicicletas#primaryimage\"},\"thumbnailUrl\":\"https:\\\/\\\/i0.wp.com\\\/www.chilepath.com\\\/wp-content\\\/uploads\\\/2025\\\/05\\\/GDLlogoPV.jpg?fit=527%2C527&ssl=1\",\"datePublished\":\"2025-05-06T23:33:16+00:00\",\"dateModified\":\"2026-03-16T10:22:18+00:00\",\"description\":\"Transporte de bicicletas Giro del Lago 2026 viaja liviano! Lleva tu bici y equipo de manera segura y confiable. Desde el 2017 te llevamos al Giro!\",\"breadcrumb\":{\"@id\":\"https:\\\/\\\/www.chilepath.com\\\/?product=giro-del-lago-transporte-bicicletas#breadcrumb\"},\"inLanguage\":\"es-CL\",\"potentialAction\":[{\"@type\":\"ReadAction\",\"target\":[\"https:\\\/\\\/www.chilepath.com\\\/?product=giro-del-lago-transporte-bicicletas\"]}]},{\"@type\":\"ImageObject\",\"inLanguage\":\"es-CL\",\"@id\":\"https:\\\/\\\/www.chilepath.com\\\/?product=giro-del-lago-transporte-bicicletas#primaryimage\",\"url\":\"https:\\\/\\\/i0.wp.com\\\/www.chilepath.com\\\/wp-content\\\/uploads\\\/2025\\\/05\\\/GDLlogoPV.jpg?fit=527%2C527&ssl=1\",\"contentUrl\":\"https:\\\/\\\/i0.wp.com\\\/www.chilepath.com\\\/wp-content\\\/uploads\\\/2025\\\/05\\\/GDLlogoPV.jpg?fit=527%2C527&ssl=1\",\"width\":527,\"height\":527,\"caption\":\"preventa tickets\"},{\"@type\":\"BreadcrumbList\",\"@id\":\"https:\\\/\\\/www.chilepath.com\\\/?product=giro-del-lago-transporte-bicicletas#breadcrumb\",\"itemListElement\":[{\"@type\":\"ListItem\",\"position\":1,\"name\":\"Home\",\"item\":\"https:\\\/\\\/www.chilepath.com\\\/\"},{\"@type\":\"ListItem\",\"position\":2,\"name\":\"Tienda\",\"item\":\"https:\\\/\\\/www.chilepath.com\\\/?page_id=2044\"},{\"@type\":\"ListItem\",\"position\":3,\"name\":\"Giro del Lago 2026 &#8211; Transporte bicicleta\"}]},{\"@type\":\"WebSite\",\"@id\":\"https:\\\/\\\/www.chilepath.com\\\/#website\",\"url\":\"https:\\\/\\\/www.chilepath.com\\\/\",\"name\":\"Chilepath.com\",\"description\":\"Chp\",\"publisher\":{\"@id\":\"https:\\\/\\\/www.chilepath.com\\\/#organization\"},\"potentialAction\":[{\"@type\":\"SearchAction\",\"target\":{\"@type\":\"EntryPoint\",\"urlTemplate\":\"https:\\\/\\\/www.chilepath.com\\\/?s={search_term_string}\"},\"query-input\":{\"@type\":\"PropertyValueSpecification\",\"valueRequired\":true,\"valueName\":\"search_term_string\"}}],\"inLanguage\":\"es-CL\"},{\"@type\":\"Organization\",\"@id\":\"https:\\\/\\\/www.chilepath.com\\\/#organization\",\"name\":\"Chilepath\",\"url\":\"https:\\\/\\\/www.chilepath.com\\\/\",\"logo\":{\"@type\":\"ImageObject\",\"inLanguage\":\"es-CL\",\"@id\":\"https:\\\/\\\/www.chilepath.com\\\/#\\\/schema\\\/logo\\\/image\\\/\",\"url\":\"https:\\\/\\\/www.chilepath.com\\\/wp-content\\\/uploads\\\/2023\\\/11\\\/CHP3.0-trazo.jpg\",\"contentUrl\":\"https:\\\/\\\/www.chilepath.com\\\/wp-content\\\/uploads\\\/2023\\\/11\\\/CHP3.0-trazo.jpg\",\"width\":1000,\"height\":454,\"caption\":\"Chilepath\"},\"image\":{\"@id\":\"https:\\\/\\\/www.chilepath.com\\\/#\\\/schema\\\/logo\\\/image\\\/\"}}]}<\/script>\n<!-- \/ Yoast SEO plugin. -->","yoast_head_json":{"title":"Giro del Lago 2026 - Transporte bicicleta - Chilepath","description":"Transporte de bicicletas Giro del Lago 2026 viaja liviano! Lleva tu bici y equipo de manera segura y confiable. Desde el 2017 te llevamos al Giro!","robots":{"index":"index","follow":"follow","max-snippet":"max-snippet:-1","max-image-preview":"max-image-preview:large","max-video-preview":"max-video-preview:-1"},"canonical":"https:\/\/www.chilepath.com\/?product=giro-del-lago-transporte-bicicletas","og_locale":"es_ES","og_type":"article","og_title":"Giro del Lago 2026 - Transporte bicicleta - Chilepath","og_description":"Transporte de bicicletas Giro del Lago 2026 viaja liviano! Lleva tu bici y equipo de manera segura y confiable. Desde el 2017 te llevamos al Giro!","og_url":"https:\/\/www.chilepath.com\/?product=giro-del-lago-transporte-bicicletas","og_site_name":"Chilepath","article_modified_time":"2026-03-16T10:22:18+00:00","og_image":[{"width":527,"height":527,"url":"https:\/\/www.chilepath.com\/wp-content\/uploads\/2025\/05\/GDLlogoPV.jpg","type":"image\/jpeg"}],"twitter_card":"summary_large_image","twitter_misc":{"Tiempo estimado de lectura":"2 minutos"},"schema":{"@context":"https:\/\/schema.org","@graph":[{"@type":"WebPage","@id":"https:\/\/www.chilepath.com\/?product=giro-del-lago-transporte-bicicletas","url":"https:\/\/www.chilepath.com\/?product=giro-del-lago-transporte-bicicletas","name":"Giro del Lago 2026 - Transporte bicicleta - Chilepath","isPartOf":{"@id":"https:\/\/www.chilepath.com\/#website"},"primaryImageOfPage":{"@id":"https:\/\/www.chilepath.com\/?product=giro-del-lago-transporte-bicicletas#primaryimage"},"image":{"@id":"https:\/\/www.chilepath.com\/?product=giro-del-lago-transporte-bicicletas#primaryimage"},"thumbnailUrl":"https:\/\/i0.wp.com\/www.chilepath.com\/wp-content\/uploads\/2025\/05\/GDLlogoPV.jpg?fit=527%2C527&ssl=1","datePublished":"2025-05-06T23:33:16+00:00","dateModified":"2026-03-16T10:22:18+00:00","description":"Transporte de bicicletas Giro del Lago 2026 viaja liviano! Lleva tu bici y equipo de manera segura y confiable. Desde el 2017 te llevamos al Giro!","breadcrumb":{"@id":"https:\/\/www.chilepath.com\/?product=giro-del-lago-transporte-bicicletas#breadcrumb"},"inLanguage":"es-CL","potentialAction":[{"@type":"ReadAction","target":["https:\/\/www.chilepath.com\/?product=giro-del-lago-transporte-bicicletas"]}]},{"@type":"ImageObject","inLanguage":"es-CL","@id":"https:\/\/www.chilepath.com\/?product=giro-del-lago-transporte-bicicletas#primaryimage","url":"https:\/\/i0.wp.com\/www.chilepath.com\/wp-content\/uploads\/2025\/05\/GDLlogoPV.jpg?fit=527%2C527&ssl=1","contentUrl":"https:\/\/i0.wp.com\/www.chilepath.com\/wp-content\/uploads\/2025\/05\/GDLlogoPV.jpg?fit=527%2C527&ssl=1","width":527,"height":527,"caption":"preventa tickets"},{"@type":"BreadcrumbList","@id":"https:\/\/www.chilepath.com\/?product=giro-del-lago-transporte-bicicletas#breadcrumb","itemListElement":[{"@type":"ListItem","position":1,"name":"Home","item":"https:\/\/www.chilepath.com\/"},{"@type":"ListItem","position":2,"name":"Tienda","item":"https:\/\/www.chilepath.com\/?page_id=2044"},{"@type":"ListItem","position":3,"name":"Giro del Lago 2026 &#8211; Transporte bicicleta"}]},{"@type":"WebSite","@id":"https:\/\/www.chilepath.com\/#website","url":"https:\/\/www.chilepath.com\/","name":"Chilepath.com","description":"Chp","publisher":{"@id":"https:\/\/www.chilepath.com\/#organization"},"potentialAction":[{"@type":"SearchAction","target":{"@type":"EntryPoint","urlTemplate":"https:\/\/www.chilepath.com\/?s={search_term_string}"},"query-input":{"@type":"PropertyValueSpecification","valueRequired":true,"valueName":"search_term_string"}}],"inLanguage":"es-CL"},{"@type":"Organization","@id":"https:\/\/www.chilepath.com\/#organization","name":"Chilepath","url":"https:\/\/www.chilepath.com\/","logo":{"@type":"ImageObject","inLanguage":"es-CL","@id":"https:\/\/www.chilepath.com\/#\/schema\/logo\/image\/","url":"https:\/\/www.chilepath.com\/wp-content\/uploads\/2023\/11\/CHP3.0-trazo.jpg","contentUrl":"https:\/\/www.chilepath.com\/wp-content\/uploads\/2023\/11\/CHP3.0-trazo.jpg","width":1000,"height":454,"caption":"Chilepath"},"image":{"@id":"https:\/\/www.chilepath.com\/#\/schema\/logo\/image\/"}}]}},"jetpack_sharing_enabled":true,"_links":{"self":[{"href":"https:\/\/www.chilepath.com\/index.php?rest_route=\/wp\/v2\/product\/2586","targetHints":{"allow":["GET"]}}],"collection":[{"href":"https:\/\/www.chilepath.com\/index.php?rest_route=\/wp\/v2\/product"}],"about":[{"href":"https:\/\/www.chilepath.com\/index.php?rest_route=\/wp\/v2\/types\/product"}],"replies":[{"embeddable":true,"href":"https:\/\/www.chilepath.com\/index.php?rest_route=%2Fwp%2Fv2%2Fcomments&post=2586"}],"wp:featuredmedia":[{"embeddable":true,"href":"https:\/\/www.chilepath.com\/index.php?rest_route=\/wp\/v2\/media\/2587"}],"wp:attachment":[{"href":"https:\/\/www.chilepath.com\/index.php?rest_route=%2Fwp%2Fv2%2Fmedia&parent=2586"}],"wp:term":[{"taxonomy":"product_brand","embeddable":true,"href":"https:\/\/www.chilepath.com\/index.php?rest_route=%2Fwp%2Fv2%2Fproduct_brand&post=2586"},{"taxonomy":"product_cat","embeddable":true,"href":"https:\/\/www.chilepath.com\/index.php?rest_route=%2Fwp%2Fv2%2Fproduct_cat&post=2586"},{"taxonomy":"product_tag","embeddable":true,"href":"https:\/\/www.chilepath.com\/index.php?rest_route=%2Fwp%2Fv2%2Fproduct_tag&post=2586"}],"curies":[{"name":"wp","href":"https:\/\/api.w.org\/{rel}","templated":true}]}}