{"id":2607,"date":"2025-05-08T20:28:25","date_gmt":"2025-05-08T20:28:25","guid":{"rendered":"https:\/\/www.chilepath.com\/?post_type=product&#038;p=2607"},"modified":"2026-02-16T22:54:29","modified_gmt":"2026-02-16T22:54:29","slug":"transporte-de-bicicletas-2","status":"publish","type":"product","link":"https:\/\/www.chilepath.com\/?product=transporte-de-bicicletas-2","title":{"rendered":"IM Valdivia 2026 &#8211; Transporte bicicleta"},"content":{"rendered":"<pre>Sabemos lo engorroso que es desarmar la bicicleta, meterla al bolso y todo el proceso de llevarla al parque cerrado, bueno por esta raz\u00f3n nosotros estamos presentes! Viaja liviano s\u00f3lo con tu bolso de mano en el avi\u00f3n porque si, nosotros tambi\u00e9n llevamos tu equipamiento. (beneficios s\u00f3lo para teams o grupos de m\u00e1s de 5 personas.)<\/pre>\n<p>Conf\u00eda en Chilepath si buscas un servicio de calidad y transporte seguro para su bicicleta. Esperamos como parte de nuestra tripulaci\u00f3n para esta ya imperdible segunda fecha del IM de Valdivia, toma tu cupo de transporte de bicicleta y desperocupate de los bultos!<\/p>\n<p><strong>Programa de viaje:<\/strong><\/p>\n<p>Retiraremos y devolveremos tu bicicleta desde la tienda que selecciones en el carrito de compras, tendr\u00e1s <strong>el d\u00eda lunes de 23 de nov y martes 24 de nov <\/strong>para llevarla al punto pick-up. Nosotros recogemos el miercoles 25, viajamos el 26 y el viernes 27 podr\u00e1s retirarla desde las 11am en Valdivia. (Punto de retiro a informar)<\/p>\n<p>Terminando tu carrera, estaremos cercanos al parque cerrado para recibir tu bicicleta y llevarla de vuelta al punto pick-up que seleccionaste, donde podr\u00e1s optar hacer servicio a tu bicicleta para retirarla como nueva.<\/p>\n<p>La entrega de bicicletas en los puntos pick-up ser\u00e1 desde el d\u00eda martes 1 de Diciembre. \u00a0(favor no posponer el retiro en tienda).<\/p>\n","protected":false},"excerpt":{"rendered":"<p>Nos movemos por Chile llevando tu equipamiento a los mejores eventos deportivos. Este a\u00f1o tomaremos carretera desde Santiago hacia la regi\u00f3n de los R\u00edos para acercar tu bicicleta de manera segura y confiable para que no tengas que cargar con todo ese problema de subir tus cosas al avi\u00f3n.<\/p>\n<p>&nbsp;<\/p>\n","protected":false},"featured_media":2611,"comment_status":"open","ping_status":"closed","template":"","meta":[],"product_brand":[],"product_cat":[35],"product_tag":[37,41,43,39,36,40],"class_list":{"0":"post-2607","1":"product","2":"type-product","3":"status-publish","4":"has-post-thumbnail","6":"product_cat-transporte-de-bicis","7":"product_tag-bicicletas","8":"product_tag-im","9":"product_tag-im-70-3","10":"product_tag-ironman","11":"product_tag-transporte","12":"product_tag-triatlon","14":"first","15":"instock","16":"virtual","17":"taxable","18":"purchasable","19":"product-type-simple"},"yoast_head":"<!-- This site is optimized with the Yoast SEO plugin v27.5 - https:\/\/yoast.com\/product\/yoast-seo-wordpress\/ -->\n<title>IM Valdivia 2026 - Transporte bicicleta - Chilepath<\/title>\n<meta name=\"description\" content=\"Transporte de bicicletas + equipamiento a Valdivia, viaja liviano, tu bici y accesorios se van con nosotros al IM Valdivia este 29 de noviembre 2026\" \/>\n<meta name=\"robots\" content=\"index, follow, max-snippet:-1, max-image-preview:large, max-video-preview:-1\" \/>\n<link rel=\"canonical\" href=\"https:\/\/www.chilepath.com\/?product=transporte-de-bicicletas-2\" \/>\n<meta property=\"og:locale\" content=\"es_ES\" \/>\n<meta property=\"og:type\" content=\"article\" \/>\n<meta property=\"og:title\" content=\"IM Valdivia 2026 - Transporte bicicleta - Chilepath\" \/>\n<meta property=\"og:description\" content=\"Transporte de bicicletas + equipamiento a Valdivia, viaja liviano, tu bici y accesorios se van con nosotros al IM Valdivia este 29 de noviembre 2026\" \/>\n<meta property=\"og:url\" content=\"https:\/\/www.chilepath.com\/?product=transporte-de-bicicletas-2\" \/>\n<meta property=\"og:site_name\" content=\"Chilepath\" \/>\n<meta property=\"article:modified_time\" content=\"2026-02-16T22:54:29+00:00\" \/>\n<meta property=\"og:image\" content=\"https:\/\/www.chilepath.com\/wp-content\/uploads\/2025\/05\/imvald1.png\" \/>\n\t<meta property=\"og:image:width\" content=\"225\" \/>\n\t<meta property=\"og:image:height\" content=\"225\" \/>\n\t<meta property=\"og:image:type\" content=\"image\/png\" \/>\n<meta name=\"twitter:card\" content=\"summary_large_image\" \/>\n<meta name=\"twitter:label1\" content=\"Tiempo estimado de lectura\" \/>\n\t<meta name=\"twitter:data1\" content=\"1 minuto\" \/>\n<script type=\"application\/ld+json\" class=\"yoast-schema-graph\">{\"@context\":\"https:\\\/\\\/schema.org\",\"@graph\":[{\"@type\":\"WebPage\",\"@id\":\"https:\\\/\\\/www.chilepath.com\\\/?product=transporte-de-bicicletas-2\",\"url\":\"https:\\\/\\\/www.chilepath.com\\\/?product=transporte-de-bicicletas-2\",\"name\":\"IM Valdivia 2026 - Transporte bicicleta - Chilepath\",\"isPartOf\":{\"@id\":\"https:\\\/\\\/www.chilepath.com\\\/#website\"},\"primaryImageOfPage\":{\"@id\":\"https:\\\/\\\/www.chilepath.com\\\/?product=transporte-de-bicicletas-2#primaryimage\"},\"image\":{\"@id\":\"https:\\\/\\\/www.chilepath.com\\\/?product=transporte-de-bicicletas-2#primaryimage\"},\"thumbnailUrl\":\"https:\\\/\\\/i0.wp.com\\\/www.chilepath.com\\\/wp-content\\\/uploads\\\/2025\\\/05\\\/imvald1.png?fit=225%2C225&ssl=1\",\"datePublished\":\"2025-05-08T20:28:25+00:00\",\"dateModified\":\"2026-02-16T22:54:29+00:00\",\"description\":\"Transporte de bicicletas + equipamiento a Valdivia, viaja liviano, tu bici y accesorios se van con nosotros al IM Valdivia este 29 de noviembre 2026\",\"breadcrumb\":{\"@id\":\"https:\\\/\\\/www.chilepath.com\\\/?product=transporte-de-bicicletas-2#breadcrumb\"},\"inLanguage\":\"es-CL\",\"potentialAction\":[{\"@type\":\"ReadAction\",\"target\":[\"https:\\\/\\\/www.chilepath.com\\\/?product=transporte-de-bicicletas-2\"]}]},{\"@type\":\"ImageObject\",\"inLanguage\":\"es-CL\",\"@id\":\"https:\\\/\\\/www.chilepath.com\\\/?product=transporte-de-bicicletas-2#primaryimage\",\"url\":\"https:\\\/\\\/i0.wp.com\\\/www.chilepath.com\\\/wp-content\\\/uploads\\\/2025\\\/05\\\/imvald1.png?fit=225%2C225&ssl=1\",\"contentUrl\":\"https:\\\/\\\/i0.wp.com\\\/www.chilepath.com\\\/wp-content\\\/uploads\\\/2025\\\/05\\\/imvald1.png?fit=225%2C225&ssl=1\",\"width\":225,\"height\":225},{\"@type\":\"BreadcrumbList\",\"@id\":\"https:\\\/\\\/www.chilepath.com\\\/?product=transporte-de-bicicletas-2#breadcrumb\",\"itemListElement\":[{\"@type\":\"ListItem\",\"position\":1,\"name\":\"Home\",\"item\":\"https:\\\/\\\/www.chilepath.com\\\/\"},{\"@type\":\"ListItem\",\"position\":2,\"name\":\"Tienda\",\"item\":\"https:\\\/\\\/www.chilepath.com\\\/?page_id=2044\"},{\"@type\":\"ListItem\",\"position\":3,\"name\":\"IM Valdivia 2026 &#8211; Transporte bicicleta\"}]},{\"@type\":\"WebSite\",\"@id\":\"https:\\\/\\\/www.chilepath.com\\\/#website\",\"url\":\"https:\\\/\\\/www.chilepath.com\\\/\",\"name\":\"Chilepath.com\",\"description\":\"Chp\",\"publisher\":{\"@id\":\"https:\\\/\\\/www.chilepath.com\\\/#organization\"},\"potentialAction\":[{\"@type\":\"SearchAction\",\"target\":{\"@type\":\"EntryPoint\",\"urlTemplate\":\"https:\\\/\\\/www.chilepath.com\\\/?s={search_term_string}\"},\"query-input\":{\"@type\":\"PropertyValueSpecification\",\"valueRequired\":true,\"valueName\":\"search_term_string\"}}],\"inLanguage\":\"es-CL\"},{\"@type\":\"Organization\",\"@id\":\"https:\\\/\\\/www.chilepath.com\\\/#organization\",\"name\":\"Chilepath\",\"url\":\"https:\\\/\\\/www.chilepath.com\\\/\",\"logo\":{\"@type\":\"ImageObject\",\"inLanguage\":\"es-CL\",\"@id\":\"https:\\\/\\\/www.chilepath.com\\\/#\\\/schema\\\/logo\\\/image\\\/\",\"url\":\"https:\\\/\\\/www.chilepath.com\\\/wp-content\\\/uploads\\\/2023\\\/11\\\/CHP3.0-trazo.jpg\",\"contentUrl\":\"https:\\\/\\\/www.chilepath.com\\\/wp-content\\\/uploads\\\/2023\\\/11\\\/CHP3.0-trazo.jpg\",\"width\":1000,\"height\":454,\"caption\":\"Chilepath\"},\"image\":{\"@id\":\"https:\\\/\\\/www.chilepath.com\\\/#\\\/schema\\\/logo\\\/image\\\/\"}}]}<\/script>\n<!-- \/ Yoast SEO plugin. -->","yoast_head_json":{"title":"IM Valdivia 2026 - Transporte bicicleta - Chilepath","description":"Transporte de bicicletas + equipamiento a Valdivia, viaja liviano, tu bici y accesorios se van con nosotros al IM Valdivia este 29 de noviembre 2026","robots":{"index":"index","follow":"follow","max-snippet":"max-snippet:-1","max-image-preview":"max-image-preview:large","max-video-preview":"max-video-preview:-1"},"canonical":"https:\/\/www.chilepath.com\/?product=transporte-de-bicicletas-2","og_locale":"es_ES","og_type":"article","og_title":"IM Valdivia 2026 - Transporte bicicleta - Chilepath","og_description":"Transporte de bicicletas + equipamiento a Valdivia, viaja liviano, tu bici y accesorios se van con nosotros al IM Valdivia este 29 de noviembre 2026","og_url":"https:\/\/www.chilepath.com\/?product=transporte-de-bicicletas-2","og_site_name":"Chilepath","article_modified_time":"2026-02-16T22:54:29+00:00","og_image":[{"width":225,"height":225,"url":"https:\/\/www.chilepath.com\/wp-content\/uploads\/2025\/05\/imvald1.png","type":"image\/png"}],"twitter_card":"summary_large_image","twitter_misc":{"Tiempo estimado de lectura":"1 minuto"},"schema":{"@context":"https:\/\/schema.org","@graph":[{"@type":"WebPage","@id":"https:\/\/www.chilepath.com\/?product=transporte-de-bicicletas-2","url":"https:\/\/www.chilepath.com\/?product=transporte-de-bicicletas-2","name":"IM Valdivia 2026 - Transporte bicicleta - Chilepath","isPartOf":{"@id":"https:\/\/www.chilepath.com\/#website"},"primaryImageOfPage":{"@id":"https:\/\/www.chilepath.com\/?product=transporte-de-bicicletas-2#primaryimage"},"image":{"@id":"https:\/\/www.chilepath.com\/?product=transporte-de-bicicletas-2#primaryimage"},"thumbnailUrl":"https:\/\/i0.wp.com\/www.chilepath.com\/wp-content\/uploads\/2025\/05\/imvald1.png?fit=225%2C225&ssl=1","datePublished":"2025-05-08T20:28:25+00:00","dateModified":"2026-02-16T22:54:29+00:00","description":"Transporte de bicicletas + equipamiento a Valdivia, viaja liviano, tu bici y accesorios se van con nosotros al IM Valdivia este 29 de noviembre 2026","breadcrumb":{"@id":"https:\/\/www.chilepath.com\/?product=transporte-de-bicicletas-2#breadcrumb"},"inLanguage":"es-CL","potentialAction":[{"@type":"ReadAction","target":["https:\/\/www.chilepath.com\/?product=transporte-de-bicicletas-2"]}]},{"@type":"ImageObject","inLanguage":"es-CL","@id":"https:\/\/www.chilepath.com\/?product=transporte-de-bicicletas-2#primaryimage","url":"https:\/\/i0.wp.com\/www.chilepath.com\/wp-content\/uploads\/2025\/05\/imvald1.png?fit=225%2C225&ssl=1","contentUrl":"https:\/\/i0.wp.com\/www.chilepath.com\/wp-content\/uploads\/2025\/05\/imvald1.png?fit=225%2C225&ssl=1","width":225,"height":225},{"@type":"BreadcrumbList","@id":"https:\/\/www.chilepath.com\/?product=transporte-de-bicicletas-2#breadcrumb","itemListElement":[{"@type":"ListItem","position":1,"name":"Home","item":"https:\/\/www.chilepath.com\/"},{"@type":"ListItem","position":2,"name":"Tienda","item":"https:\/\/www.chilepath.com\/?page_id=2044"},{"@type":"ListItem","position":3,"name":"IM Valdivia 2026 &#8211; Transporte bicicleta"}]},{"@type":"WebSite","@id":"https:\/\/www.chilepath.com\/#website","url":"https:\/\/www.chilepath.com\/","name":"Chilepath.com","description":"Chp","publisher":{"@id":"https:\/\/www.chilepath.com\/#organization"},"potentialAction":[{"@type":"SearchAction","target":{"@type":"EntryPoint","urlTemplate":"https:\/\/www.chilepath.com\/?s={search_term_string}"},"query-input":{"@type":"PropertyValueSpecification","valueRequired":true,"valueName":"search_term_string"}}],"inLanguage":"es-CL"},{"@type":"Organization","@id":"https:\/\/www.chilepath.com\/#organization","name":"Chilepath","url":"https:\/\/www.chilepath.com\/","logo":{"@type":"ImageObject","inLanguage":"es-CL","@id":"https:\/\/www.chilepath.com\/#\/schema\/logo\/image\/","url":"https:\/\/www.chilepath.com\/wp-content\/uploads\/2023\/11\/CHP3.0-trazo.jpg","contentUrl":"https:\/\/www.chilepath.com\/wp-content\/uploads\/2023\/11\/CHP3.0-trazo.jpg","width":1000,"height":454,"caption":"Chilepath"},"image":{"@id":"https:\/\/www.chilepath.com\/#\/schema\/logo\/image\/"}}]}},"jetpack_sharing_enabled":true,"_links":{"self":[{"href":"https:\/\/www.chilepath.com\/index.php?rest_route=\/wp\/v2\/product\/2607","targetHints":{"allow":["GET"]}}],"collection":[{"href":"https:\/\/www.chilepath.com\/index.php?rest_route=\/wp\/v2\/product"}],"about":[{"href":"https:\/\/www.chilepath.com\/index.php?rest_route=\/wp\/v2\/types\/product"}],"replies":[{"embeddable":true,"href":"https:\/\/www.chilepath.com\/index.php?rest_route=%2Fwp%2Fv2%2Fcomments&post=2607"}],"wp:featuredmedia":[{"embeddable":true,"href":"https:\/\/www.chilepath.com\/index.php?rest_route=\/wp\/v2\/media\/2611"}],"wp:attachment":[{"href":"https:\/\/www.chilepath.com\/index.php?rest_route=%2Fwp%2Fv2%2Fmedia&parent=2607"}],"wp:term":[{"taxonomy":"product_brand","embeddable":true,"href":"https:\/\/www.chilepath.com\/index.php?rest_route=%2Fwp%2Fv2%2Fproduct_brand&post=2607"},{"taxonomy":"product_cat","embeddable":true,"href":"https:\/\/www.chilepath.com\/index.php?rest_route=%2Fwp%2Fv2%2Fproduct_cat&post=2607"},{"taxonomy":"product_tag","embeddable":true,"href":"https:\/\/www.chilepath.com\/index.php?rest_route=%2Fwp%2Fv2%2Fproduct_tag&post=2607"}],"curies":[{"name":"wp","href":"https:\/\/api.w.org\/{rel}","templated":true}]}}