{"id":2981,"date":"2026-01-24T00:05:26","date_gmt":"2026-01-24T00:05:26","guid":{"rendered":"https:\/\/www.chilepath.com\/?post_type=product&#038;p=2981"},"modified":"2026-02-03T19:11:42","modified_gmt":"2026-02-03T19:11:42","slug":"vaquita-mirador-de-letras","status":"publish","type":"product","link":"https:\/\/www.chilepath.com\/?product=vaquita-mirador-de-letras","title":{"rendered":"Tour Vaquita y mirador de letras"},"content":{"rendered":"<div class=\"Y3BBE\" data-sfc-cp=\"\" data-hveid=\"CAEIAhAA\" data-complete=\"true\" data-processed=\"true\">En este tour vas a conocer <strong>&#8220;La Vaquita&#8221;<\/strong> de Runca, ubicada en la salida norte de Valdivia, ella vive en la <strong class=\"Yjhzub\" data-complete=\"true\" data-processed=\"true\">Casa del Queso<\/strong> lugar consolidado como un \u00edcono gastron\u00f3mico de la Regi\u00f3n de Los R\u00edos. Es mucho m\u00e1s que una tienda; es el refugio perfecto para los viajeros que buscan aut\u00e9nticos sabores sure\u00f1os.<\/div>\n<div data-sfc-cp=\"\" data-hveid=\"CAEIAhAA\" data-complete=\"true\" data-processed=\"true\"><\/div>\n<div data-sfc-cp=\"\" data-hveid=\"CAEIAhAA\" data-complete=\"true\" data-processed=\"true\">\n<div class=\"Y3BBE\" data-sfc-cp=\"\" data-hveid=\"CAEIBxAA\" data-complete=\"true\" data-processed=\"true\">El protagonista indiscutible es el\u00a0<strong class=\"Yjhzub\" data-complete=\"true\" data-processed=\"true\">Queso Runca<\/strong>, un producto 100% valdiviano conocido por su calidad artesanal.<\/div>\n<ul class=\"KsbFXc U6u95\" data-complete=\"true\" data-processed=\"true\">\n<li data-hveid=\"CAEICBAA\" data-complete=\"true\" data-sae=\"\"><span class=\"T286Pc\" data-sfc-cp=\"\" data-complete=\"true\"><strong class=\"Yjhzub\" data-complete=\"true\">Variedades:<\/strong>\u00a0Puedes encontrar queso mantecoso tradicional y versiones con ingredientes locales como merqu\u00e9n, albahaca, or\u00e9gano y opciones ahumadas.<\/span><\/li>\n<li data-hveid=\"CAEICBAB\" data-complete=\"true\" data-sae=\"\"><span class=\"T286Pc\" data-sfc-cp=\"\" data-complete=\"true\"><strong class=\"Yjhzub\" data-complete=\"true\">El Cl\u00e1sico del Viajero:<\/strong>\u00a0No puedes irte sin probar sus famosos\u00a0<strong class=\"Yjhzub\" data-complete=\"true\">pancitos con queso derretido<\/strong>\u00a0(tostados y calientes) o el tradicional pan con chicharr\u00f3n. Recientemente han incorporado opciones como pan con queso y jam\u00f3n.<\/span><span class=\"uJ19be notranslate\" data-wiz-uids=\"WNSPDe_19\" data-complete=\"true\"><span class=\"vKEkVd\" data-animation-atomic=\"\" data-wiz-attrbind=\"class=WNSPDe_18\/TKHnVd\" data-sae=\"\">\u00a0<\/span><\/span><\/li>\n<\/ul>\n<div class=\"Y3BBE\" data-sfc-cp=\"\" data-hveid=\"CAEIChAA\" data-processed=\"true\" data-complete=\"true\">El local funciona como una vitrina de los mejores productores de la zona bajo el concepto de\u00a0<strong class=\"Yjhzub\" data-complete=\"true\" data-processed=\"true\">Maestros Valdivianos<\/strong> aqu\u00ed encontrar\u00e1s:<span class=\"uJ19be notranslate\" data-wiz-uids=\"WNSPDe_1l\" data-complete=\"true\" data-processed=\"true\"><span class=\"vKEkVd\" data-animation-atomic=\"\" data-wiz-attrbind=\"class=WNSPDe_1k\/TKHnVd\" data-sae=\"\">\u00a0<\/span><\/span><\/div>\n<ul class=\"KsbFXc U6u95\" data-complete=\"true\" data-processed=\"true\">\n<li data-hveid=\"CAEICxAA\" data-complete=\"true\" data-sae=\"\"><span class=\"T286Pc\" data-sfc-cp=\"\" data-complete=\"true\"><strong class=\"Yjhzub\" data-complete=\"true\">Chocolater\u00eda:<\/strong>\u00a0Productos de la tradicional marca\u00a0<em class=\"eujQNb\" data-complete=\"true\">Dulce Lluvia<\/em>, incluyendo sus nuevas colecciones de pistacho y chocolate.<\/span><\/li>\n<li data-hveid=\"CAEICxAB\" data-complete=\"true\" data-sae=\"\"><span class=\"T286Pc\" data-sfc-cp=\"\" data-complete=\"true\"><strong class=\"Yjhzub\" data-complete=\"true\">Cervezas y Sidras:<\/strong>\u00a0Una amplia selecci\u00f3n de cerveza artesanal\u00a0<em class=\"eujQNb\" data-complete=\"true\">Bundor<\/em>\u00a0y sidras locales.<\/span><\/li>\n<li data-hveid=\"CAEICxAC\" data-complete=\"true\" data-sae=\"\"><span class=\"T286Pc\" data-sfc-cp=\"\" data-complete=\"true\"><strong class=\"Yjhzub\" data-complete=\"true\">Despensa Sure\u00f1a:<\/strong> Mieles, mermeladas, pastas caseras y souvenirs ideales para regalo<\/span><span class=\"uJ19be notranslate\" data-wiz-uids=\"WNSPDe_20\" data-complete=\"true\"><span class=\"vKEkVd\" data-animation-atomic=\"\" data-wiz-attrbind=\"class=WNSPDe_1z\/TKHnVd\" data-sae=\"\">\u00a0<\/span><\/span><\/li>\n<\/ul>\n<div class=\"Y3BBE\" data-sfc-cp=\"\" data-hveid=\"CAEIDxAA\" data-processed=\"true\" data-complete=\"true\"><strong class=\"Yjhzub\" data-complete=\"true\" data-processed=\"true\">Dato Tur\u00edstico:<\/strong>\u00a0Es el lugar ideal para comprar los &#8220;regalos de \u00faltimo minuto&#8221; antes de dejar la ciudad o para abastecerse de un picnic artesanal si vas camino a los humedales o r\u00edos cercanos. <strong>\u00a1No olvides tomarte una foto con la ic\u00f3nica vaquita que te espera sobre la copa de agua!<\/strong><\/div>\n<\/div>\n<div data-sfc-cp=\"\" data-hveid=\"CAEIAhAA\" data-complete=\"true\" data-processed=\"true\"><\/div>\n<div data-sfc-cp=\"\" data-hveid=\"CAEIAhAA\" data-complete=\"true\" data-processed=\"true\"><\/div>\n<div data-sfc-cp=\"\" data-hveid=\"CAEIAhAA\" data-complete=\"true\" data-processed=\"true\">Luego haremos detenci\u00f3n en el\u00a0<strong class=\"Yjhzub\" data-complete=\"true\" data-processed=\"true\">Mirador Letras &#8220;Valdivia&#8221; Acceso Norte<\/strong>, es la puerta de entrada ic\u00f3nica a la capital de la Regi\u00f3n de Los R\u00edos.<\/div>\n<ul class=\"KsbFXc U6u95\" data-processed=\"true\" data-complete=\"true\">\n<li data-hveid=\"CAEIBRAA\" data-complete=\"true\" data-sae=\"\"><span class=\"T286Pc\" data-sfc-cp=\"\" data-complete=\"true\"><strong class=\"Yjhzub\" data-complete=\"true\">Localizaci\u00f3n:<\/strong>\u00a0Se encuentra en el\u00a0<strong class=\"Yjhzub\" data-complete=\"true\">kil\u00f3metro 34 de la Ruta 202<\/strong>, en el acceso norte de la ciudad, viniendo desde el Aeropuerto Pichoy o San Jos\u00e9 de la Mariquina.<\/span><\/li>\n<li data-hveid=\"CAEIBRAB\" data-sae=\"\" data-complete=\"true\"><span class=\"T286Pc\" data-sfc-cp=\"\" data-complete=\"true\"><strong class=\"Yjhzub\" data-complete=\"true\">Paisaje:<\/strong>\u00a0El mirador ofrece una vista privilegiada a un brazo del\u00a0<strong class=\"Yjhzub\" data-complete=\"true\">R\u00edo Cruces<\/strong>, rodeado de abundante vegetaci\u00f3n propia de la selva valdiviana.<\/span><\/li>\n<li data-hveid=\"CAEIBRAC\" data-complete=\"true\" data-processed=\"true\" data-sae=\"\"><span class=\"T286Pc\" data-sfc-cp=\"\" data-complete=\"true\"><strong class=\"Yjhzub\" data-complete=\"true\">Fauna local:<\/strong>\u00a0Es un punto estrat\u00e9gico para el avistamiento de aves, especialmente de\u00a0<strong class=\"Yjhzub\" data-complete=\"true\">cisnes de cuello negro<\/strong>, que suelen nadar cerca del \u00e1rea.<\/span><span class=\"uJ19be notranslate\" data-wiz-uids=\"AgzZL_12\" data-complete=\"true\"><span class=\"vKEkVd\" data-animation-atomic=\"\" data-wiz-attrbind=\"class=AgzZL_11\/TKHnVd\" data-sae=\"\">\u00a0<\/span><\/span><\/li>\n<\/ul>\n<div class=\"otQkpb\" role=\"heading\" aria-level=\"3\" data-animation-nesting=\"\" data-sfc-cp=\"\" data-processed=\"true\" data-sae=\"\" data-complete=\"true\">Atractivos del Lugar<\/div>\n<ul class=\"KsbFXc U6u95\" data-complete=\"true\" data-processed=\"true\">\n<li data-hveid=\"CAEIBxAA\" data-complete=\"true\" data-sae=\"\"><span class=\"T286Pc\" data-sfc-cp=\"\" data-complete=\"true\"><strong class=\"Yjhzub\" data-complete=\"true\">Letras Volum\u00e9tricas:<\/strong>\u00a0Son estructuras de gran tama\u00f1o en color blanco que incluyen el caracter\u00edstico\u00a0<strong class=\"Yjhzub\" data-complete=\"true\">paraguas rojo<\/strong>, s\u00edmbolo de la ciudad por su clima lluvioso.<\/span><\/li>\n<li data-hveid=\"CAEIBxAB\" data-complete=\"true\" data-sae=\"\"><span class=\"T286Pc\" data-sfc-cp=\"\" data-complete=\"true\"><strong class=\"Yjhzub\" data-complete=\"true\">Infraestructura:<\/strong>\u00a0El sector est\u00e1 equipado con una pasarela de madera para contemplar el r\u00edo, bancas de descanso, paisajismo y una zona de estacionamiento para veh\u00edculos.<\/span><\/li>\n<li data-hveid=\"CAEIBxAC\" data-complete=\"true\" data-sae=\"\"><span class=\"T286Pc\" data-sfc-cp=\"\" data-complete=\"true\"><strong class=\"Yjhzub\" data-complete=\"true\">Accesibilidad:<\/strong>\u00a0El acceso es gratuito y est\u00e1 abierto las 24 horas, contando con accesibilidad para personas en silla de ruedas.<\/span><span class=\"uJ19be notranslate\" data-wiz-uids=\"AgzZL_1l\" data-complete=\"true\"><span class=\"vKEkVd\" data-animation-atomic=\"\" data-wiz-attrbind=\"class=AgzZL_1k\/TKHnVd\" data-sae=\"\">\u00a0<\/span><\/span><\/li>\n<\/ul>\n<div class=\"Fsg96\" data-sfc-cp=\"\" data-complete=\"true\" data-processed=\"true\"><\/div>\n<div class=\"otQkpb\" role=\"heading\" aria-level=\"3\" data-animation-nesting=\"\" data-sfc-cp=\"\" data-complete=\"true\" data-processed=\"true\" data-sae=\"\"><strong class=\"Yjhzub\" data-complete=\"true\" data-processed=\"true\">Dato Tur\u00edstico:<\/strong><\/div>\n<ul class=\"KsbFXc U6u95\" data-complete=\"true\" data-processed=\"true\">\n<li data-hveid=\"CAEICRAA\" data-complete=\"true\" data-sae=\"\"><span class=\"T286Pc\" data-sfc-cp=\"\" data-complete=\"true\"><strong class=\"Yjhzub\" data-complete=\"true\">La foto imperdible:<\/strong>\u00a0Es considerada una parada obligada para capturar la &#8220;postal de bienvenida&#8221; antes de ingresar al radio urbano de la ciudad.<\/span><\/li>\n<\/ul>\n<div class=\"Y3BBE\" data-sfc-cp=\"\" data-hveid=\"CAEIChAA\" data-processed=\"true\" data-complete=\"true\">Este punto forma parte de la estrategia tur\u00edstica de la ciudad para el per\u00edodo 2026, consolidando a Valdivia como un destino que integra su patrimonio natural con infraestructura atractiva para el visitante.<\/div>\n","protected":false},"excerpt":{"rendered":"<p>En este tour vas a conocer &#8220;La Vaquita&#8221; de Runca, ubicada en la salida norte de Valdivia, ella vive en la Casa del Queso lugar consolidado como un \u00edcono gastron\u00f3mico de la Regi\u00f3n de Los R\u00edos. Es mucho m\u00e1s que una tienda; es el refugio perfecto para los viajeros que buscan aut\u00e9nticos sabores sure\u00f1os. El [&hellip;]<\/p>\n","protected":false},"featured_media":2985,"comment_status":"open","ping_status":"closed","template":"","meta":[],"product_brand":[],"product_cat":[24],"product_tag":[],"class_list":{"0":"post-2981","1":"product","2":"type-product","3":"status-publish","4":"has-post-thumbnail","6":"product_cat-chile-sur","8":"first","9":"instock","10":"virtual","11":"taxable","12":"purchasable","13":"product-type-simple"},"yoast_head":"<!-- This site is optimized with the Yoast SEO plugin v27.5 - https:\/\/yoast.com\/product\/yoast-seo-wordpress\/ -->\n<title>Tour Vaquita y mirador de letras - Chilepath<\/title>\n<meta name=\"description\" content=\"En este tour conocer\u00e1s la Vaquita, el \u00edcono valdiviano m\u00e1s famoso de ciudad y el mirador de las letras, la postal de bienvenida para tus mejores postales\" \/>\n<meta name=\"robots\" content=\"index, follow, max-snippet:-1, max-image-preview:large, max-video-preview:-1\" \/>\n<link rel=\"canonical\" href=\"https:\/\/www.chilepath.com\/?product=vaquita-mirador-de-letras\" \/>\n<meta property=\"og:locale\" content=\"es_ES\" \/>\n<meta property=\"og:type\" content=\"article\" \/>\n<meta property=\"og:title\" content=\"Tour Vaquita y mirador de letras - Chilepath\" \/>\n<meta property=\"og:description\" content=\"En este tour conocer\u00e1s la Vaquita, el \u00edcono valdiviano m\u00e1s famoso de ciudad y el mirador de las letras, la postal de bienvenida para tus mejores postales\" \/>\n<meta property=\"og:url\" content=\"https:\/\/www.chilepath.com\/?product=vaquita-mirador-de-letras\" \/>\n<meta property=\"og:site_name\" content=\"Chilepath\" \/>\n<meta property=\"article:modified_time\" content=\"2026-02-03T19:11:42+00:00\" \/>\n<meta property=\"og:image\" content=\"https:\/\/www.chilepath.com\/wp-content\/uploads\/2026\/01\/vaca.webp\" \/>\n\t<meta property=\"og:image:width\" content=\"890\" \/>\n\t<meta property=\"og:image:height\" content=\"533\" \/>\n\t<meta property=\"og:image:type\" content=\"image\/webp\" \/>\n<meta name=\"twitter:card\" content=\"summary_large_image\" \/>\n<meta name=\"twitter:label1\" content=\"Tiempo estimado de lectura\" \/>\n\t<meta name=\"twitter:data1\" content=\"3 minutos\" \/>\n<script type=\"application\/ld+json\" class=\"yoast-schema-graph\">{\"@context\":\"https:\\\/\\\/schema.org\",\"@graph\":[{\"@type\":\"WebPage\",\"@id\":\"https:\\\/\\\/www.chilepath.com\\\/?product=vaquita-mirador-de-letras\",\"url\":\"https:\\\/\\\/www.chilepath.com\\\/?product=vaquita-mirador-de-letras\",\"name\":\"Tour Vaquita y mirador de letras - Chilepath\",\"isPartOf\":{\"@id\":\"https:\\\/\\\/www.chilepath.com\\\/#website\"},\"primaryImageOfPage\":{\"@id\":\"https:\\\/\\\/www.chilepath.com\\\/?product=vaquita-mirador-de-letras#primaryimage\"},\"image\":{\"@id\":\"https:\\\/\\\/www.chilepath.com\\\/?product=vaquita-mirador-de-letras#primaryimage\"},\"thumbnailUrl\":\"https:\\\/\\\/i0.wp.com\\\/www.chilepath.com\\\/wp-content\\\/uploads\\\/2026\\\/01\\\/vaca.webp?fit=890%2C533&ssl=1\",\"datePublished\":\"2026-01-24T00:05:26+00:00\",\"dateModified\":\"2026-02-03T19:11:42+00:00\",\"description\":\"En este tour conocer\u00e1s la Vaquita, el \u00edcono valdiviano m\u00e1s famoso de ciudad y el mirador de las letras, la postal de bienvenida para tus mejores postales\",\"breadcrumb\":{\"@id\":\"https:\\\/\\\/www.chilepath.com\\\/?product=vaquita-mirador-de-letras#breadcrumb\"},\"inLanguage\":\"es-CL\",\"potentialAction\":[{\"@type\":\"ReadAction\",\"target\":[\"https:\\\/\\\/www.chilepath.com\\\/?product=vaquita-mirador-de-letras\"]}]},{\"@type\":\"ImageObject\",\"inLanguage\":\"es-CL\",\"@id\":\"https:\\\/\\\/www.chilepath.com\\\/?product=vaquita-mirador-de-letras#primaryimage\",\"url\":\"https:\\\/\\\/i0.wp.com\\\/www.chilepath.com\\\/wp-content\\\/uploads\\\/2026\\\/01\\\/vaca.webp?fit=890%2C533&ssl=1\",\"contentUrl\":\"https:\\\/\\\/i0.wp.com\\\/www.chilepath.com\\\/wp-content\\\/uploads\\\/2026\\\/01\\\/vaca.webp?fit=890%2C533&ssl=1\",\"width\":890,\"height\":533},{\"@type\":\"BreadcrumbList\",\"@id\":\"https:\\\/\\\/www.chilepath.com\\\/?product=vaquita-mirador-de-letras#breadcrumb\",\"itemListElement\":[{\"@type\":\"ListItem\",\"position\":1,\"name\":\"Home\",\"item\":\"https:\\\/\\\/www.chilepath.com\\\/\"},{\"@type\":\"ListItem\",\"position\":2,\"name\":\"Tienda\",\"item\":\"https:\\\/\\\/www.chilepath.com\\\/?page_id=2044\"},{\"@type\":\"ListItem\",\"position\":3,\"name\":\"Tour Vaquita y mirador de letras\"}]},{\"@type\":\"WebSite\",\"@id\":\"https:\\\/\\\/www.chilepath.com\\\/#website\",\"url\":\"https:\\\/\\\/www.chilepath.com\\\/\",\"name\":\"Chilepath.com\",\"description\":\"Chp\",\"publisher\":{\"@id\":\"https:\\\/\\\/www.chilepath.com\\\/#organization\"},\"potentialAction\":[{\"@type\":\"SearchAction\",\"target\":{\"@type\":\"EntryPoint\",\"urlTemplate\":\"https:\\\/\\\/www.chilepath.com\\\/?s={search_term_string}\"},\"query-input\":{\"@type\":\"PropertyValueSpecification\",\"valueRequired\":true,\"valueName\":\"search_term_string\"}}],\"inLanguage\":\"es-CL\"},{\"@type\":\"Organization\",\"@id\":\"https:\\\/\\\/www.chilepath.com\\\/#organization\",\"name\":\"Chilepath\",\"url\":\"https:\\\/\\\/www.chilepath.com\\\/\",\"logo\":{\"@type\":\"ImageObject\",\"inLanguage\":\"es-CL\",\"@id\":\"https:\\\/\\\/www.chilepath.com\\\/#\\\/schema\\\/logo\\\/image\\\/\",\"url\":\"https:\\\/\\\/www.chilepath.com\\\/wp-content\\\/uploads\\\/2023\\\/11\\\/CHP3.0-trazo.jpg\",\"contentUrl\":\"https:\\\/\\\/www.chilepath.com\\\/wp-content\\\/uploads\\\/2023\\\/11\\\/CHP3.0-trazo.jpg\",\"width\":1000,\"height\":454,\"caption\":\"Chilepath\"},\"image\":{\"@id\":\"https:\\\/\\\/www.chilepath.com\\\/#\\\/schema\\\/logo\\\/image\\\/\"}}]}<\/script>\n<!-- \/ Yoast SEO plugin. -->","yoast_head_json":{"title":"Tour Vaquita y mirador de letras - Chilepath","description":"En este tour conocer\u00e1s la Vaquita, el \u00edcono valdiviano m\u00e1s famoso de ciudad y el mirador de las letras, la postal de bienvenida para tus mejores postales","robots":{"index":"index","follow":"follow","max-snippet":"max-snippet:-1","max-image-preview":"max-image-preview:large","max-video-preview":"max-video-preview:-1"},"canonical":"https:\/\/www.chilepath.com\/?product=vaquita-mirador-de-letras","og_locale":"es_ES","og_type":"article","og_title":"Tour Vaquita y mirador de letras - Chilepath","og_description":"En este tour conocer\u00e1s la Vaquita, el \u00edcono valdiviano m\u00e1s famoso de ciudad y el mirador de las letras, la postal de bienvenida para tus mejores postales","og_url":"https:\/\/www.chilepath.com\/?product=vaquita-mirador-de-letras","og_site_name":"Chilepath","article_modified_time":"2026-02-03T19:11:42+00:00","og_image":[{"width":890,"height":533,"url":"https:\/\/www.chilepath.com\/wp-content\/uploads\/2026\/01\/vaca.webp","type":"image\/webp"}],"twitter_card":"summary_large_image","twitter_misc":{"Tiempo estimado de lectura":"3 minutos"},"schema":{"@context":"https:\/\/schema.org","@graph":[{"@type":"WebPage","@id":"https:\/\/www.chilepath.com\/?product=vaquita-mirador-de-letras","url":"https:\/\/www.chilepath.com\/?product=vaquita-mirador-de-letras","name":"Tour Vaquita y mirador de letras - Chilepath","isPartOf":{"@id":"https:\/\/www.chilepath.com\/#website"},"primaryImageOfPage":{"@id":"https:\/\/www.chilepath.com\/?product=vaquita-mirador-de-letras#primaryimage"},"image":{"@id":"https:\/\/www.chilepath.com\/?product=vaquita-mirador-de-letras#primaryimage"},"thumbnailUrl":"https:\/\/i0.wp.com\/www.chilepath.com\/wp-content\/uploads\/2026\/01\/vaca.webp?fit=890%2C533&ssl=1","datePublished":"2026-01-24T00:05:26+00:00","dateModified":"2026-02-03T19:11:42+00:00","description":"En este tour conocer\u00e1s la Vaquita, el \u00edcono valdiviano m\u00e1s famoso de ciudad y el mirador de las letras, la postal de bienvenida para tus mejores postales","breadcrumb":{"@id":"https:\/\/www.chilepath.com\/?product=vaquita-mirador-de-letras#breadcrumb"},"inLanguage":"es-CL","potentialAction":[{"@type":"ReadAction","target":["https:\/\/www.chilepath.com\/?product=vaquita-mirador-de-letras"]}]},{"@type":"ImageObject","inLanguage":"es-CL","@id":"https:\/\/www.chilepath.com\/?product=vaquita-mirador-de-letras#primaryimage","url":"https:\/\/i0.wp.com\/www.chilepath.com\/wp-content\/uploads\/2026\/01\/vaca.webp?fit=890%2C533&ssl=1","contentUrl":"https:\/\/i0.wp.com\/www.chilepath.com\/wp-content\/uploads\/2026\/01\/vaca.webp?fit=890%2C533&ssl=1","width":890,"height":533},{"@type":"BreadcrumbList","@id":"https:\/\/www.chilepath.com\/?product=vaquita-mirador-de-letras#breadcrumb","itemListElement":[{"@type":"ListItem","position":1,"name":"Home","item":"https:\/\/www.chilepath.com\/"},{"@type":"ListItem","position":2,"name":"Tienda","item":"https:\/\/www.chilepath.com\/?page_id=2044"},{"@type":"ListItem","position":3,"name":"Tour Vaquita y mirador de letras"}]},{"@type":"WebSite","@id":"https:\/\/www.chilepath.com\/#website","url":"https:\/\/www.chilepath.com\/","name":"Chilepath.com","description":"Chp","publisher":{"@id":"https:\/\/www.chilepath.com\/#organization"},"potentialAction":[{"@type":"SearchAction","target":{"@type":"EntryPoint","urlTemplate":"https:\/\/www.chilepath.com\/?s={search_term_string}"},"query-input":{"@type":"PropertyValueSpecification","valueRequired":true,"valueName":"search_term_string"}}],"inLanguage":"es-CL"},{"@type":"Organization","@id":"https:\/\/www.chilepath.com\/#organization","name":"Chilepath","url":"https:\/\/www.chilepath.com\/","logo":{"@type":"ImageObject","inLanguage":"es-CL","@id":"https:\/\/www.chilepath.com\/#\/schema\/logo\/image\/","url":"https:\/\/www.chilepath.com\/wp-content\/uploads\/2023\/11\/CHP3.0-trazo.jpg","contentUrl":"https:\/\/www.chilepath.com\/wp-content\/uploads\/2023\/11\/CHP3.0-trazo.jpg","width":1000,"height":454,"caption":"Chilepath"},"image":{"@id":"https:\/\/www.chilepath.com\/#\/schema\/logo\/image\/"}}]}},"jetpack_sharing_enabled":true,"_links":{"self":[{"href":"https:\/\/www.chilepath.com\/index.php?rest_route=\/wp\/v2\/product\/2981","targetHints":{"allow":["GET"]}}],"collection":[{"href":"https:\/\/www.chilepath.com\/index.php?rest_route=\/wp\/v2\/product"}],"about":[{"href":"https:\/\/www.chilepath.com\/index.php?rest_route=\/wp\/v2\/types\/product"}],"replies":[{"embeddable":true,"href":"https:\/\/www.chilepath.com\/index.php?rest_route=%2Fwp%2Fv2%2Fcomments&post=2981"}],"wp:featuredmedia":[{"embeddable":true,"href":"https:\/\/www.chilepath.com\/index.php?rest_route=\/wp\/v2\/media\/2985"}],"wp:attachment":[{"href":"https:\/\/www.chilepath.com\/index.php?rest_route=%2Fwp%2Fv2%2Fmedia&parent=2981"}],"wp:term":[{"taxonomy":"product_brand","embeddable":true,"href":"https:\/\/www.chilepath.com\/index.php?rest_route=%2Fwp%2Fv2%2Fproduct_brand&post=2981"},{"taxonomy":"product_cat","embeddable":true,"href":"https:\/\/www.chilepath.com\/index.php?rest_route=%2Fwp%2Fv2%2Fproduct_cat&post=2981"},{"taxonomy":"product_tag","embeddable":true,"href":"https:\/\/www.chilepath.com\/index.php?rest_route=%2Fwp%2Fv2%2Fproduct_tag&post=2981"}],"curies":[{"name":"wp","href":"https:\/\/api.w.org\/{rel}","templated":true}]}}